{"id":3300,"date":"2016-10-04T09:46:54","date_gmt":"2016-10-04T09:46:54","guid":{"rendered":"https:\/\/p-hive.com\/privacy\/"},"modified":"2022-11-24T07:39:11","modified_gmt":"2022-11-24T07:39:11","slug":"integritet","status":"publish","type":"page","link":"https:\/\/p-hive.com\/sv\/integritet\/","title":{"rendered":"Integritet"},"content":{"rendered":"[vc_row type=&#8221;in_container&#8221; full_screen_row_position=&#8221;middle&#8221; column_margin=&#8221;default&#8221; column_direction=&#8221;default&#8221; column_direction_tablet=&#8221;default&#8221; column_direction_phone=&#8221;default&#8221; scene_position=&#8221;center&#8221; top_padding=&#8221;100&#8243; bottom_padding=&#8221;100&#8243; text_color=&#8221;dark&#8221; text_align=&#8221;left&#8221; row_border_radius=&#8221;none&#8221; row_border_radius_applies=&#8221;bg&#8221; overflow=&#8221;visible&#8221; overlay_strength=&#8221;0.3&#8243; gradient_direction=&#8221;left_to_right&#8221; shape_divider_position=&#8221;bottom&#8221; bg_image_animation=&#8221;none&#8221;][vc_column column_padding=&#8221;no-extra-padding&#8221; column_padding_tablet=&#8221;inherit&#8221; column_padding_phone=&#8221;inherit&#8221; column_padding_position=&#8221;all&#8221; column_element_direction_desktop=&#8221;default&#8221; column_element_spacing=&#8221;default&#8221; desktop_text_alignment=&#8221;default&#8221; tablet_text_alignment=&#8221;default&#8221; phone_text_alignment=&#8221;default&#8221; background_color_opacity=&#8221;1&#8243; background_hover_color_opacity=&#8221;1&#8243; column_backdrop_filter=&#8221;none&#8221; column_shadow=&#8221;none&#8221; column_border_radius=&#8221;none&#8221; column_link_target=&#8221;_self&#8221; column_position=&#8221;default&#8221; gradient_direction=&#8221;left_to_right&#8221; overlay_strength=&#8221;0.3&#8243; width=&#8221;2\/3&#8243; tablet_width_inherit=&#8221;default&#8221; animation_type=&#8221;default&#8221; bg_image_animation=&#8221;none&#8221; border_type=&#8221;simple&#8221; column_border_width=&#8221;none&#8221; column_border_style=&#8221;solid&#8221;][vc_column_text]\n<div id=\"credit\">\n<p>Information som tillhandah\u00e5lls i enlighet med lagdekret av den 30 juni 2003 &#8221;PRIVACY CODE&#8221;.<\/p>\n<p>I enlighet med artikel 13 i lagdekret nr 196 av den 30 juni 2003 vill vi informera dig om att v\u00e5rt f\u00f6retag Gasperini snc behandlar personuppgifter om kunder och leverant\u00f6rer och om personer som frivilligt (via telefon, fax eller e-post) meddelar sina personuppgifter till v\u00e5rt f\u00f6rs\u00e4ljningskontor eller v\u00e5r f\u00f6retagsledning, samt om personer vars uppgifter har samlats in fr\u00e5n tredje part, t.ex. i samband med externa datainsamlingar f\u00f6r kommersiell information, offentliga listor osv. I det senare fallet r\u00f6r det sig endast om personuppgifter av gemensam karakt\u00e4r.<\/p>\n<p>V\u00e5rt f\u00f6retag garanterar inom ramen f\u00f6r de lagstadgade best\u00e4mmelserna att behandlingen av personuppgifter sker med respekt f\u00f6r de grundl\u00e4ggande friheterna och den ber\u00f6rda personens v\u00e4rdighet, med s\u00e4rskild h\u00e4nvisning till sekretess, personlig identitet och r\u00e4tten till skydd av personuppgifter.<\/p>\n<p>\u00c4ndam\u00e5len med behandlingen<br \/>\nUppfyllande av r\u00e4ttsliga skyldigheter, f\u00f6rordningar, EU-lagstiftning, civil- och skattelagstiftning.<br \/>\nF\u00f6r att uppfylla eventuella avtalsf\u00f6rpliktelser gentemot den registrerade.<br \/>\nF\u00f6r att utf\u00f6ra aktiviteter som \u00e4r relaterade till v\u00e5rt f\u00f6retags ekonomiska verksamhet, t.ex. sammanst\u00e4llning av intern statistik, fakturering, kund-leverant\u00f6rsredovisning.<br \/>\nKommersiella \u00e4ndam\u00e5l, t.ex. s\u00e4ndning av kommersiell information och reklammaterial (per post, fax och e-post), marknadsf\u00f6ring och marknadsunders\u00f6kningar.<br \/>\nKreditskydd och skuldhantering<br \/>\nF\u00f6rs\u00e4krings\u00e4ndam\u00e5l, s\u00e4rskilt kreditf\u00f6rs\u00e4kring.<\/p>\n<p>FRIVILLIGT ATT L\u00c4MNA UPPGIFTER: Utan att det p\u00e5verkar till\u00e4mpningen av det f\u00f6reg\u00e5ende kan anv\u00e4ndaren, n\u00e4r det g\u00e4ller navigeringsuppgifter, l\u00e4mna ytterligare uppgifter till redakt\u00f6ren\/bearbetningsf\u00f6retaget f\u00f6r att f\u00e5 tillg\u00e5ng till s\u00e4rskilda tj\u00e4nster, t.ex. nyhetsbrev till forumet, e-handelstj\u00e4nster eller f\u00f6rfr\u00e5gningar om information som han\/hon vill vidarebefordra till webbplatsen www.gasperinieps.it. Anv\u00e4ndaren godk\u00e4nner att dessa uppgifter behandlas inom de gr\u00e4nser och f\u00f6r de \u00e4ndam\u00e5l som g\u00e4ller f\u00f6r den beg\u00e4rda tj\u00e4nsten eller informationen.<br \/>\nOm du inte tillhandah\u00e5ller dem kan det g\u00f6ra det om\u00f6jligt att tillhandah\u00e5lla tj\u00e4nsten eller informationen. Observera ocks\u00e5 att acceptans av cookies \u00e4r ett n\u00f6dv\u00e4ndigt och oundvikligt villkor f\u00f6r att kunna anv\u00e4nda konsulttj\u00e4nsten f\u00f6r dynamiska sidor.<\/p>\n<p>KOMMUNIKATION OCH\/ELLER F\u00d6RDELNING AV UPPGIFTER: Anv\u00e4ndarnas personuppgifter anv\u00e4nds endast f\u00f6r att utf\u00f6ra den beg\u00e4rda tj\u00e4nsten eller tillhandah\u00e5llandet och l\u00e4mnas endast ut till tredje part i f\u00f6ljande fall<br \/>\nTill kreditinstitut som v\u00e5rt f\u00f6retag har f\u00f6rbindelser med f\u00f6r hantering av krediter\/skulder och finansiell f\u00f6rmedling Till alla fysiska och\/eller juridiska, offentliga och\/eller privata personer (juridiska, administrativa och skattem\u00e4ssiga konsultfirmor, r\u00e4ttsv\u00e4sendet, handelskammare etc.) n\u00e4r detta \u00e4r n\u00f6dv\u00e4ndigt med tanke p\u00e5 den tj\u00e4nst som anv\u00e4ndaren har beg\u00e4rt;<br \/>\nMeddelandet kr\u00e4vs enligt lag eller f\u00f6rordning, p\u00e5 order av de offentliga myndigheterna eller p\u00e5 grund av eventuella r\u00e4ttsliga \u00e5tg\u00e4rder enligt en s\u00e4rskild best\u00e4mmelse;<br \/>\nAnv\u00e4ndaren godk\u00e4nner uttryckligen att webbplatsens \u00e4gare eller den personuppgiftsansvarige skickar sina kommersiella uppgifter till tredjepartsoperat\u00f6rer i syfte att f\u00e5 riktade kommersiella erbjudanden i enlighet med de \u00f6nskem\u00e5l och \u00f6nskem\u00e5l som uttryckts p\u00e5 grundval av de uppgifter som f\u00f6rv\u00e4rvats och tillhandah\u00e5llits.<\/p>\n<p>METODER F\u00d6R BEARBETNING.<\/p>\n<p>Personuppgifter behandlas av automatiserade verktyg i anonym form under den tid som \u00e4r absolut n\u00f6dv\u00e4ndig f\u00f6r att uppn\u00e5 de syften f\u00f6r vilka de samlades in. S\u00e4rskilda s\u00e4kerhets\u00e5tg\u00e4rder vidtas f\u00f6r att f\u00f6rhindra f\u00f6rlust av uppgifter, olaglig eller felaktig anv\u00e4ndning och obeh\u00f6rig \u00e5tkomst.<br \/>\nDe personuppgifter som behandlas av v\u00e5rt f\u00f6retag f\u00e5r inte spridas. Behandlingen f\u00e5r utf\u00f6ras med eller utan hj\u00e4lp av elektroniska eller automatiserade medel och ska omfatta alla \u00e5tg\u00e4rder som f\u00f6reskrivs i artikel 4.1 a i lagdekret nr 196 av den 30 juni 2003 och som \u00e4r n\u00f6dv\u00e4ndiga f\u00f6r behandlingen i fr\u00e5ga. Behandlingen ska under alla omst\u00e4ndigheter ske i enlighet med alla f\u00f6rsiktighets\u00e5tg\u00e4rder som garanterar s\u00e4kerhet och konfidentialitet.<br \/>\nSekretesslagen ger den ber\u00f6rda personen m\u00f6jlighet att ut\u00f6va s\u00e4rskilda r\u00e4ttigheter enligt artikel 7. I synnerhet kan de f\u00e5 en bekr\u00e4ftelse fr\u00e5n den registeransvarige om huruvida det finns personuppgifter om dem eller inte och f\u00e5 dessa uppgifter i begriplig form. Den registrerade kan ocks\u00e5 beg\u00e4ra att f\u00e5 veta varifr\u00e5n uppgifterna kommer, \u00e4ndam\u00e5len och metoderna f\u00f6r behandlingen samt den logik som till\u00e4mpas om behandlingen sker med hj\u00e4lp av elektroniska instrument, identifikationsuppgifter f\u00f6r den registeransvarige, de personer som utsetts och de personer och kategorier av personer till vilka uppgifterna kan l\u00e4mnas ut eller som kan f\u00e5 k\u00e4nnedom om dem.<\/p>\n<p>PERSONUPPGIFTSANSVARIG<\/p>\n<p>Den personuppgiftsansvarige \u00e4r Paolo Gasperini<br \/>\nDen personuppgiftsansvarige \u00e4r Paolo Gasperini<\/p>\n<p>PLATSEN F\u00d6R DATABEHANDLING.<\/p>\n<p>Behandlingen i samband med de webbtj\u00e4nster som erbjuds p\u00e5 denna webbplats \u00e4ger rum p\u00e5 kontoret f\u00f6r den personuppgiftsbitr\u00e4de som Gasperini snc har i V. Di Vittorio 29, 38068 Rovereto (TN) och anv\u00e4nds, f\u00f6rvaltas och bearbetas endast av auktoriserad och utbildad personal.<br \/>\nInga uppgifter som h\u00e4rr\u00f6r fr\u00e5n webbtj\u00e4nsten f\u00e5r l\u00e4mnas ut till tredje part utan f\u00f6rdragets uttryckliga tillst\u00e5nd eller f\u00f6r andra \u00e4ndam\u00e5l \u00e4n de som uttryckligen godk\u00e4nts.<\/p>\n<p>Cookie Policy Gasperini snc: F\u00f6r att g\u00f6ra ditt bes\u00f6k p\u00e5 v\u00e5r webbplats s\u00e5 bekv\u00e4mt som m\u00f6jligt anv\u00e4nder vi cookies f\u00f6r att presentera v\u00e5rt produktsortiment. Dessa \u00e4r sm\u00e5 textaggregat som lagras lokalt i din webbl\u00e4sares tempor\u00e4ra minne, och d\u00e4rmed i din dator, under varierande tidsperioder beroende p\u00e5 behovet och i allm\u00e4nhet fr\u00e5n n\u00e5gra timmar till flera \u00e5r, med undantag f\u00f6r profileringscookies vars maximala varaktighet \u00e4r 365 kalenderdagar.<br \/>\nMed hj\u00e4lp av cookies \u00e4r det m\u00f6jligt att halvpermanent registrera information om dina preferenser och andra tekniska uppgifter som g\u00f6r det l\u00e4ttare att navigera och g\u00f6ra det enklare och effektivare att anv\u00e4nda sj\u00e4lva webbplatsen. Cookies kan till exempel anv\u00e4ndas f\u00f6r att avg\u00f6ra om en anslutning redan har gjorts mellan din dator och v\u00e5ra webbplatser f\u00f6r att lyfta fram nya funktioner eller f\u00f6r att beh\u00e5lla inloggningsinformation. F\u00f6r ditt skydd identifieras endast den cookie som lagras p\u00e5 din dator.<br \/>\nI denna anv\u00e4ndning anv\u00e4nds inga s\u00e5 kallade profileringscookies. Inga uppgifter om din smak, dina preferenser, hobbies och passioner eller annan information som \u00e4r anv\u00e4ndbar f\u00f6r kommersiella eller icke-kommersiella \u00e4ndam\u00e5l lagras eller analyseras.<\/p>\n<p>Typer av cookies som anv\u00e4nds:<br \/>\nDen h\u00e4r webbplatsen anv\u00e4nder tv\u00e5 olika typer av cookies:<\/p>\n<p>A) Viktiga tekniska cookies:<\/p>\n<p>Dessa cookies \u00e4r n\u00f6dv\u00e4ndiga f\u00f6r att webbplatsen ska fungera korrekt. De g\u00f6r det m\u00f6jligt f\u00f6r dig att navigera p\u00e5 sidorna, dela v\u00e5rt inneh\u00e5ll, lagra dina inloggningsuppgifter f\u00f6r att g\u00f6ra det snabbare f\u00f6r dig att komma in p\u00e5 webbplatsen och f\u00f6r att h\u00e5lla dina inst\u00e4llningar och inloggningsuppgifter aktiva medan du surfar. Utan dessa cookies skulle vi inte kunna tillhandah\u00e5lla de tj\u00e4nster som anv\u00e4ndarna anv\u00e4nder sig av p\u00e5 webbplatsen.<\/p>\n<p>B) Statistik- och prestandacookies:<br \/>\nDessa cookies g\u00f6r det m\u00f6jligt f\u00f6r oss att veta hur bes\u00f6karna anv\u00e4nder webbplatsen, s\u00e5 att vi kan utv\u00e4rdera och f\u00f6rb\u00e4ttra dess funktion och prioritera produktionen av inneh\u00e5ll som b\u00e4st uppfyller v\u00e5ra anv\u00e4ndares informationsbehov. De g\u00f6r det till exempel m\u00f6jligt f\u00f6r oss att veta vilka sidor som \u00e4r mest och minst bes\u00f6kta. De tar bland annat h\u00e4nsyn till antalet bes\u00f6kare, den genomsnittliga anv\u00e4ndarens tid p\u00e5 webbplatsen och hur de anl\u00e4nder. P\u00e5 s\u00e5 s\u00e4tt kan vi veta vad som fungerar bra och vad vi m\u00e5ste f\u00f6rb\u00e4ttra, samt se till att sidorna laddas snabbt och visas korrekt. All information och alla uppgifter som samlas in av dessa cookies \u00e4r anonyma och inte kopplade till dina personuppgifter och hanteras av webbplatsen p\u00e5 ett aggregerat s\u00e4tt. F\u00f6r att utf\u00f6ra dessa funktioner p\u00e5 v\u00e5ra webbplatser anv\u00e4nder vi tredjepartstj\u00e4nster som anonymiserar uppgifterna s\u00e5 att de inte kan sp\u00e5ras till enskilda personer (s\u00e5 kallad single-in). Om det finns tj\u00e4nster som inte \u00e4r helt anonymiserade finns de listade bland de cookies fr\u00e5n tredje part som du kan v\u00e4gra samtycke till f\u00f6r att garantera din integritet.<br \/>\nF\u00f6r detta \u00e4ndam\u00e5l anv\u00e4nder denna webbplats Google Analytics. Google Analytics \u00e4r en webbanalystj\u00e4nst som tillhandah\u00e5lls av Google Inc. (&#8221;Google&#8221;). Google Analytics anv\u00e4nder &#8221;cookies&#8221; f\u00f6r att webbplatsen ska kunna analysera hur anv\u00e4ndarna anv\u00e4nder webbplatsen. Den information som genereras av cookien om din anv\u00e4ndning av webbplatsen (inklusive din IP-adress) \u00f6verf\u00f6rs till och lagras av Google p\u00e5 servrar i USA. Google kommer att anv\u00e4nda denna information f\u00f6r att utv\u00e4rdera din anv\u00e4ndning av webbplatsen, sammanst\u00e4lla rapporter om webbplatsaktivitet f\u00f6r webbplatsoperat\u00f6rer och tillhandah\u00e5lla andra tj\u00e4nster som r\u00f6r webbplatsaktivitet och internetanv\u00e4ndning. Google kan ocks\u00e5 \u00f6verf\u00f6ra denna information till tredje part om det kr\u00e4vs enligt lag eller om tredje part behandlar informationen f\u00f6r Googles r\u00e4kning. Google kommer inte att koppla ihop din IP-adress med andra uppgifter som Google har.<\/p>\n<p>De funktioner som i huvudsak utf\u00f6rs av cookies p\u00e5 denna webbplats \u00e4r f\u00f6ljande:<\/p>\n<p>Inst\u00e4llningar<br \/>\nF\u00f6rlusten av information som lagras i en preferenscookie kan g\u00f6ra din upplevelse av webbplatsen mindre funktionell, men b\u00f6r inte p\u00e5verka den. De flesta Google-anv\u00e4ndare har en preferenscookie som kallas PREF i sin webbl\u00e4sare. Webbl\u00e4saren skickar den h\u00e4r cookien n\u00e4r du beg\u00e4r information om Googles webbplatser. PREF-cookien kan lagra dina preferenser och annan information, s\u00e4rskilt det spr\u00e5k du f\u00f6redrar (t.ex. italienska), det antal s\u00f6kresultat du vill visa per sida (t.ex. 10 eller 20) och din \u00f6nskan att aktivera Googles SafeSearch-filter.<\/p>\n<p>S\u00e4kerhet<br \/>\nVi anv\u00e4nder s\u00e4kerhetscookies f\u00f6r att autentisera anv\u00e4ndare, f\u00f6rhindra bedr\u00e4glig anv\u00e4ndning av inloggningsuppgifter och skydda anv\u00e4ndardata fr\u00e5n obeh\u00f6riga.<br \/>\nVi anv\u00e4nder till exempel cookies som kallas &#8221;SID&#8221; och &#8221;HSID&#8221; och som inneh\u00e5ller digitalt signerade och krypterade uppgifter om en anv\u00e4ndares Google-konto-ID och det senaste inloggningsdatumet. Kombinationen av dessa tv\u00e5 cookies g\u00f6r det m\u00f6jligt f\u00f6r oss att blockera m\u00e5nga typer av attacker, t.ex. f\u00f6rs\u00f6k att stj\u00e4la inneh\u00e5llet i formul\u00e4r som du fyller i p\u00e5 webbsidor.<\/p>\n<p>Processer<br \/>\nProcesscookies hj\u00e4lper webbplatser att fungera och tillhandah\u00e5lla de tj\u00e4nster som bes\u00f6karna f\u00f6rv\u00e4ntar sig att hitta d\u00e4r, till exempel m\u00f6jligheten att navigera mellan sidor eller f\u00e5 tillg\u00e5ng till s\u00e4kra omr\u00e5den p\u00e5 webbplatsen. Utan dessa cookies kan webbplatsen inte fungera korrekt.<br \/>\nVi anv\u00e4nder till exempel en cookie som kallas lbcs, som g\u00f6r det m\u00f6jligt f\u00f6r Google Docs att \u00f6ppna m\u00e5nga dokument i en enda webbl\u00e4sare. Om du blockerar den h\u00e4r cookien kan det p\u00e5verka funktionen av Google Dokument.<\/p>\n<p>Analyser<\/p>\n<p>Google Analytics \u00e4r ett analysverktyg fr\u00e5n Google som hj\u00e4lper \u00e4gare av webbplatser och appar att f\u00f6rst\u00e5 hur bes\u00f6kare interagerar med deras inneh\u00e5ll. En upps\u00e4ttning cookies kan anv\u00e4ndas f\u00f6r att samla in information och generera statistik om webbplatsens anv\u00e4ndning utan att Google identifierar enskilda bes\u00f6kare.<br \/>\nF\u00f6rutom att generera statistikrapporter om anv\u00e4ndningen av webbplatsen kan Google Analytics-pixeltagg anv\u00e4ndas tillsammans med n\u00e5gra av de reklamcookies som beskrivs ovan f\u00f6r att vi ska kunna visa mer relevanta resultat p\u00e5 Googles egendomar (t.ex. Google Search) och p\u00e5 hela webben.<br \/>\nOm du vill veta mer om detta kan du l\u00e4sa mer om Analytics-cookies och sekretess.<\/p>\n<p>Cookiehantering och preferenser:<br \/>\nOm du har n\u00e5gra tvivel eller farh\u00e5gor om anv\u00e4ndningen av cookies kan du alltid vidta \u00e5tg\u00e4rder f\u00f6r att f\u00f6rhindra att de s\u00e4tts och l\u00e4ses, till exempel genom att \u00e4ndra sekretessinst\u00e4llningarna i din webbl\u00e4sare f\u00f6r att blockera vissa typer.\u00a0Eftersom varje webbl\u00e4sare &#8211; och ofta olika versioner av samma webbl\u00e4sare &#8211; skiljer sig avsev\u00e4rt fr\u00e5n varandra kan du hitta detaljerad information om hur du g\u00f6r detta i din webbl\u00e4sares anv\u00e4ndarhandbok om du f\u00f6redrar att g\u00f6ra det sj\u00e4lv. En \u00f6versikt \u00f6ver hur du kan vidta \u00e5tg\u00e4rder f\u00f6r de vanligaste webbl\u00e4sarna finns p\u00e5 www.cookiepedia.co.uk.<br \/>\nI de flesta webbl\u00e4sare kan du hantera dina inst\u00e4llningar f\u00f6r cookies. Du kan st\u00e4lla in din webbl\u00e4sare s\u00e5 att den v\u00e4grar att ta emot cookies eller s\u00e5 att endast vissa av dem raderas. P\u00e5 samma s\u00e4tt som du inaktiverar anv\u00e4ndningen av cookies kan du inaktivera andra liknande tekniker.<\/p>\n<p>F\u00f6ljande l\u00e4nkar visar hur du kan st\u00e4lla in inst\u00e4llningar f\u00f6r de vanligaste webbl\u00e4sarna:<\/p>\n<p><a href=\"http:\/\/goo.gl\/hwvr9\" target=\"_blank\" rel=\"noopener\">Internet Explorer\u00a0<\/a><br \/>\n<a href=\"https:\/\/goo.gl\/Oh7kxR\" target=\"_blank\" rel=\"noopener\">Firefox\u00a0<\/a><br \/>\n<a href=\"https:\/\/goo.gl\/2u1O5w\" target=\"_blank\" rel=\"noopener\">Safari\u00a0<\/a><br \/>\n<a href=\"https:\/\/goo.gl\/r5618P\" target=\"_blank\" rel=\"noopener\">Chrome<\/a><\/p>\n<p>F\u00f6r mer information och alternativ f\u00f6r att avst\u00e5 fr\u00e5n att anv\u00e4nda sig av webbplatsen, se www.youronlinechoices.eu.<br \/>\nReklamf\u00f6retag ger dig ocks\u00e5 m\u00f6jlighet att v\u00e4lja bort riktade annonser om du vill. Detta f\u00f6rhindrar inte att cookies s\u00e4tts, men det hindrar dessa f\u00f6retag fr\u00e5n att anv\u00e4nda och samla in vissa uppgifter.<br \/>\nDu kan v\u00e4gra att anv\u00e4nda cookies genom att v\u00e4lja l\u00e4mplig inst\u00e4llning i din webbl\u00e4sare, men detta kan hindra dig fr\u00e5n att anv\u00e4nda alla funktioner p\u00e5 denna webbplats. Genom att anv\u00e4nda den h\u00e4r webbplatsen godk\u00e4nner du att Google behandlar uppgifter om dig p\u00e5 det s\u00e4tt och i de syften som anges ovan.<br \/>\nInstallationen av cookies kan blockeras med hj\u00e4lp av l\u00e4mpliga inst\u00e4llningar i din webbl\u00e4sarprogramvara, men observera att om du aktiverar denna blockering kan det h\u00e4nda att vissa funktioner p\u00e5 denna webbplats inte kan anv\u00e4ndas fullt ut. Du kan f\u00f6rhindra att Google registrerar och behandlar den information som genereras av cookies (inklusive din IP-adress).<\/p>\n<p>Acceptans och avst\u00e5ende fr\u00e5n cookies Genom att forts\u00e4tta surfa p\u00e5 denna webbplats genom att st\u00e4nga informationsomslaget eller klicka n\u00e5gonstans p\u00e5 sidan eller genom att bl\u00e4ddra ned\u00e5t f\u00f6r att lyfta fram ytterligare inneh\u00e5ll, accepterar du www.gasperinieps.it di Gasperini snc:s cookiepolicy och cookies kommer att s\u00e4ttas och samlas in. \u00a0Du kommer alltid att ha m\u00f6jlighet att ta bort dessa cookies n\u00e4r som helst via de webbplatser som n\u00e4mns i stycket &#8221;Cookiehantering&#8221;.<\/p>\n<p>R\u00c4TTIGHETER F\u00d6R BER\u00d6RDA PARTER: Den ber\u00f6rda parten har r\u00e4tt att f\u00e5 uppdatering, r\u00e4ttelse, integrering, radering, omvandling till anonym form eller blockering av uppgifter som behandlas i strid med lagen. Den registrerade har r\u00e4tt att av legitima sk\u00e4l helt eller delvis mots\u00e4tta sig behandling av personuppgifter om honom eller henne, \u00e4ven om de \u00e4r relevanta f\u00f6r insamlings\u00e4ndam\u00e5let, och utan anledning till behandling av uppgifter om honom eller henne f\u00f6r att skicka reklam och direktf\u00f6rs\u00e4ljningsmaterial eller f\u00f6r att genomf\u00f6ra marknadsunders\u00f6kningar eller unders\u00f6kningar om kommersiell kommunikation. R\u00e4ttigheterna i fr\u00e5ga kan ut\u00f6vas, \u00e4ven genom en utsedd person, genom en beg\u00e4ran som skickas till: Paolo Gasperini, Gasperini snc, V. Di Vittorio 29, 38068 Rovereto (TN), per rekommenderat brev eller e-post till: posta@gasperinieps.it<\/p>\n<\/div>\n[\/vc_column_text][\/vc_column][vc_column column_padding=&#8221;no-extra-padding&#8221; column_padding_tablet=&#8221;inherit&#8221; column_padding_phone=&#8221;inherit&#8221; column_padding_position=&#8221;all&#8221; column_element_direction_desktop=&#8221;default&#8221; column_element_spacing=&#8221;default&#8221; desktop_text_alignment=&#8221;default&#8221; tablet_text_alignment=&#8221;default&#8221; phone_text_alignment=&#8221;default&#8221; background_color_opacity=&#8221;1&#8243; background_hover_color_opacity=&#8221;1&#8243; column_backdrop_filter=&#8221;none&#8221; column_shadow=&#8221;none&#8221; column_border_radius=&#8221;none&#8221; column_link_target=&#8221;_self&#8221; column_position=&#8221;default&#8221; gradient_direction=&#8221;left_to_right&#8221; overlay_strength=&#8221;0.3&#8243; width=&#8221;1\/3&#8243; tablet_width_inherit=&#8221;default&#8221; animation_type=&#8221;default&#8221; bg_image_animation=&#8221;none&#8221; border_type=&#8221;simple&#8221; column_border_width=&#8221;none&#8221; column_border_style=&#8221;solid&#8221;][\/vc_column][\/vc_row]\n","protected":false},"excerpt":{"rendered":"<p>[vc_row type=&#8221;in_container&#8221; full_screen_row_position=&#8221;middle&#8221; column_margin=&#8221;default&#8221; column_direction=&#8221;default&#8221; column_direction_tablet=&#8221;default&#8221; column_direction_phone=&#8221;default&#8221; scene_position=&#8221;center&#8221; top_padding=&#8221;100&#8243; bottom_padding=&#8221;100&#8243; text_color=&#8221;dark&#8221; text_align=&#8221;left&#8221; row_border_radius=&#8221;none&#8221; row_border_radius_applies=&#8221;bg&#8221; overflow=&#8221;visible&#8221; overlay_strength=&#8221;0.3&#8243; gradient_direction=&#8221;left_to_right&#8221; shape_divider_position=&#8221;bottom&#8221; bg_image_animation=&#8221;none&#8221;][vc_column column_padding=&#8221;no-extra-padding&#8221; column_padding_tablet=&#8221;inherit&#8221; column_padding_phone=&#8221;inherit&#8221; column_padding_position=&#8221;all&#8221; column_element_direction_desktop=&#8221;default&#8221; column_element_spacing=&#8221;default&#8221; desktop_text_alignment=&#8221;default&#8221; tablet_text_alignment=&#8221;default&#8221; phone_text_alignment=&#8221;default&#8221; background_color_opacity=&#8221;1&#8243; background_hover_color_opacity=&#8221;1&#8243; column_backdrop_filter=&#8221;none&#8221; column_shadow=&#8221;none&#8221; column_border_radius=&#8221;none&#8221; column_link_target=&#8221;_self&#8221; column_position=&#8221;default&#8221; gradient_direction=&#8221;left_to_right&#8221; overlay_strength=&#8221;0.3&#8243; width=&#8221;2\/3&#8243; tablet_width_inherit=&#8221;default&#8221; animation_type=&#8221;default&#8221;&#8230;<\/p>\n","protected":false},"author":1,"featured_media":0,"parent":0,"menu_order":0,"comment_status":"closed","ping_status":"closed","template":"","meta":{"footnotes":""},"class_list":["post-3300","page","type-page","status-publish"],"publishpress_future_action":{"enabled":false,"date":"2026-04-15 13:30:14","action":"change-status","newStatus":"draft","terms":[],"taxonomy":"translation_priority","extraData":[]},"publishpress_future_workflow_manual_trigger":{"enabledWorkflows":[]},"_links":{"self":[{"href":"https:\/\/p-hive.com\/sv\/wp-json\/wp\/v2\/pages\/3300","targetHints":{"allow":["GET"]}}],"collection":[{"href":"https:\/\/p-hive.com\/sv\/wp-json\/wp\/v2\/pages"}],"about":[{"href":"https:\/\/p-hive.com\/sv\/wp-json\/wp\/v2\/types\/page"}],"author":[{"embeddable":true,"href":"https:\/\/p-hive.com\/sv\/wp-json\/wp\/v2\/users\/1"}],"replies":[{"embeddable":true,"href":"https:\/\/p-hive.com\/sv\/wp-json\/wp\/v2\/comments?post=3300"}],"version-history":[{"count":2,"href":"https:\/\/p-hive.com\/sv\/wp-json\/wp\/v2\/pages\/3300\/revisions"}],"predecessor-version":[{"id":3343,"href":"https:\/\/p-hive.com\/sv\/wp-json\/wp\/v2\/pages\/3300\/revisions\/3343"}],"wp:attachment":[{"href":"https:\/\/p-hive.com\/sv\/wp-json\/wp\/v2\/media?parent=3300"}],"curies":[{"name":"wp","href":"https:\/\/api.w.org\/{rel}","templated":true}]}}