{"id":6216,"date":"2024-07-12T13:08:59","date_gmt":"2024-07-12T13:08:59","guid":{"rendered":"https:\/\/p-hive.com\/?post_type=product&#038;p=6216"},"modified":"2024-07-24T06:51:19","modified_gmt":"2024-07-24T06:51:19","slug":"appoggio-rinforzato-v1-small","status":"publish","type":"product","link":"https:\/\/p-hive.com\/fr\/shop\/appoggio-rinforzato-v1-small\/","title":{"rendered":"Appoggio rinforzato V1 SMALL"},"content":{"rendered":"<p>Appoggio rinforzato V1<br \/>\nper P-Hive linea: INFINITY<\/p>\n<p>P-Hive condivide direttamente file realizzabili da tutti, per i propri prodotti.<\/p>\n<p>Appoggio rinforzato V1 \u00e8 un rinforzo per migliorare l&rsquo;appoggio su superfici dure e migliorare ulteriormente la rigidit\u00e0 di P-Hive INFINITY.<\/p>\n<p>In futuro sar\u00e0 possibile montare e collegare diversi moduli agli attacchi sottostanti, come piedini di diverse dimensioni e sensori.<br \/>\nInvitiamo chiunque a personalizzare i file, condividerli sui social e taggare le nostre pagine, saremo felici di ripubblicare i contenuti su<br \/>\nFacebook: P-Hive<br \/>\nInstagram: phive.official<\/p>\n<p>ATTENZIONE: il file non \u00e8 compreso di smussatura per la vite per praticit\u00e0<\/p>\n<p>I file forniti sono realizzabili in 2 modi.<\/p>\n<p>Fresa e taglio laser, oppure stampati in 3d per la versione SMALL.<br \/>\nPossono essere usati anche per la realizzazione di dime.<\/p>\n<h3>Impostazioni di stampa<\/h3>\n<ul>\n<li>Supporti\u00a0: NO<\/li>\n<li>Risoluzione\u00a0: 0,3 &#8211; 0,4<\/li>\n<li>Riempimento\u00a0: 50%<\/li>\n<li>Colore del filamento\u00a0: bianco<\/li>\n<li>Materiale del filamento\u00a0: ASA \/ PETG<\/li>\n<\/ul>\n<p>REALIZZAZIONE (non con stampante)<br \/>\nconsigliamo materiale di colore bianco o chiaro per questioni termiche, se utilizzate legno trattatelo con vernice al acqua.<\/p>\n<p>Materiali consigliati per il taglio:<br \/>\nPlexiglas, alucobond, legno, Film in PVC<\/p>\n<h3>Post-stampa<\/h3>\n<p>MONTAGGIO<br \/>\nPer il montaggio serviranno 12 tasselli elicoidali per viti 4&#215;35 e 12 viti thorx da 4&#215;35 testa svasata T20mm<\/p>\n<p>ATTENZIONE: il file non \u00e8 compreso di smussatura per la vite per praticit\u00e0<\/p>\n<p>1 utilizzare Appoggio rinforzato come dima per segnare i punti dove inserire le tasselli.<br \/>\nConsigliamo di pre forare con un chiodo il polistirolo per agevolare l&rsquo;inserimento.<\/p>\n<p>2 avvitare lentamente i tasselli nel polistirolo fino in battuta utilizzando se possibile anche un collante, lasciare asciugare la colla.<\/p>\n<p>3 posizionare l&rsquo;appoggio rinforzato in corrispondenza dei fori e avvitare le viti.<\/p>\n<p>OPZIONALE: Appoggio rinforzato V1<br \/>\nsi pu\u00f2 incollare con colla caldo perdendo per\u00f2 le funzioni modulari, il lavoro risulter\u00e0 piu veloce ma non consentir\u00e0 di essere smontato.<\/p>\n","protected":false},"excerpt":{"rendered":"<p>Appoggio rinforzato V1 per P-Hive linea: INFINITY P-Hive condivide direttamente file realizzabili da tutti, per i propri prodotti. Appoggio rinforzato V1 \u00e8 un rinforzo per migliorare l&rsquo;appoggio su superfici dure e migliorare ulteriormente la rigidit\u00e0 di P-Hive INFINITY. In futuro&#8230;<\/p>\n","protected":false},"featured_media":6144,"template":"","meta":[],"product_brand":[],"product_cat":[40,150,149],"product_tag":[166,165,164],"class_list":{"0":"post-6216","1":"product","2":"type-product","3":"status-publish","4":"has-post-thumbnail","6":"product_cat-infinity","7":"product_cat-infinity-dadant-us","8":"product_cat-infinity-langstroth","9":"product_tag-infinity-series","10":"product_tag-manufatto","11":"product_tag-stampa-3d","13":"first","14":"instock","15":"downloadable","16":"virtual","17":"purchasable","18":"product-type-simple","19":"add-to-wishlist-after_add_to_cart"},"publishpress_future_workflow_manual_trigger":{"enabledWorkflows":[]},"_links":{"self":[{"href":"https:\/\/p-hive.com\/fr\/wp-json\/wp\/v2\/product\/6216","targetHints":{"allow":["GET"]}}],"collection":[{"href":"https:\/\/p-hive.com\/fr\/wp-json\/wp\/v2\/product"}],"about":[{"href":"https:\/\/p-hive.com\/fr\/wp-json\/wp\/v2\/types\/product"}],"wp:featuredmedia":[{"embeddable":true,"href":"https:\/\/p-hive.com\/fr\/wp-json\/wp\/v2\/media\/6144"}],"wp:attachment":[{"href":"https:\/\/p-hive.com\/fr\/wp-json\/wp\/v2\/media?parent=6216"}],"wp:term":[{"taxonomy":"product_brand","embeddable":true,"href":"https:\/\/p-hive.com\/fr\/wp-json\/wp\/v2\/product_brand?post=6216"},{"taxonomy":"product_cat","embeddable":true,"href":"https:\/\/p-hive.com\/fr\/wp-json\/wp\/v2\/product_cat?post=6216"},{"taxonomy":"product_tag","embeddable":true,"href":"https:\/\/p-hive.com\/fr\/wp-json\/wp\/v2\/product_tag?post=6216"}],"curies":[{"name":"wp","href":"https:\/\/api.w.org\/{rel}","templated":true}]}}