{"id":3297,"date":"2016-10-04T09:46:54","date_gmt":"2016-10-04T09:46:54","guid":{"rendered":"https:\/\/p-hive.com\/privacy\/"},"modified":"2022-11-24T07:39:32","modified_gmt":"2022-11-24T07:39:32","slug":"vie-privee","status":"publish","type":"page","link":"https:\/\/p-hive.com\/fr\/vie-privee\/","title":{"rendered":"Vie priv\u00e9e"},"content":{"rendered":"[vc_row type=\u00a0\u00bbin_container\u00a0\u00bb full_screen_row_position=\u00a0\u00bbmiddle\u00a0\u00bb column_margin=\u00a0\u00bbdefault\u00a0\u00bb column_direction=\u00a0\u00bbdefault\u00a0\u00bb column_direction_tablet=\u00a0\u00bbdefault\u00a0\u00bb column_direction_phone=\u00a0\u00bbdefault\u00a0\u00bb scene_position=\u00a0\u00bbcenter\u00a0\u00bb top_padding=\u00a0\u00bb100&Prime; bottom_padding=\u00a0\u00bb100&Prime; text_color=\u00a0\u00bbdark\u00a0\u00bb text_align=\u00a0\u00bbleft\u00a0\u00bb row_border_radius=\u00a0\u00bbnone\u00a0\u00bb row_border_radius_applies=\u00a0\u00bbbg\u00a0\u00bb overflow=\u00a0\u00bbvisible\u00a0\u00bb overlay_strength=\u00a0\u00bb0.3&Prime; gradient_direction=\u00a0\u00bbleft_to_right\u00a0\u00bb shape_divider_position=\u00a0\u00bbbottom\u00a0\u00bb bg_image_animation=\u00a0\u00bbnone\u00a0\u00bb][vc_column column_padding=\u00a0\u00bbno-extra-padding\u00a0\u00bb column_padding_tablet=\u00a0\u00bbinherit\u00a0\u00bb column_padding_phone=\u00a0\u00bbinherit\u00a0\u00bb column_padding_position=\u00a0\u00bball\u00a0\u00bb column_element_direction_desktop=\u00a0\u00bbdefault\u00a0\u00bb column_element_spacing=\u00a0\u00bbdefault\u00a0\u00bb desktop_text_alignment=\u00a0\u00bbdefault\u00a0\u00bb tablet_text_alignment=\u00a0\u00bbdefault\u00a0\u00bb phone_text_alignment=\u00a0\u00bbdefault\u00a0\u00bb background_color_opacity=\u00a0\u00bb1&Prime; background_hover_color_opacity=\u00a0\u00bb1&Prime; column_backdrop_filter=\u00a0\u00bbnone\u00a0\u00bb column_shadow=\u00a0\u00bbnone\u00a0\u00bb column_border_radius=\u00a0\u00bbnone\u00a0\u00bb column_link_target=\u00a0\u00bb_self\u00a0\u00bb column_position=\u00a0\u00bbdefault\u00a0\u00bb gradient_direction=\u00a0\u00bbleft_to_right\u00a0\u00bb overlay_strength=\u00a0\u00bb0.3&Prime; width=\u00a0\u00bb2\/3&Prime; tablet_width_inherit=\u00a0\u00bbdefault\u00a0\u00bb animation_type=\u00a0\u00bbdefault\u00a0\u00bb bg_image_animation=\u00a0\u00bbnone\u00a0\u00bb border_type=\u00a0\u00bbsimple\u00a0\u00bb column_border_width=\u00a0\u00bbnone\u00a0\u00bb column_border_style=\u00a0\u00bbsolid\u00a0\u00bb][vc_column_text]\n<div id=\"credit\">\n<p>Informations fournies conform\u00e9ment au d\u00e9cret l\u00e9gislatif du 30\/06\/2003 \u00ab\u00a0CODE DE LA VIE PRIV\u00c9E\u00a0\u00bb.<\/p>\n<p>Aux termes de l&rsquo;art. 13 du d\u00e9cret l\u00e9gislatif n\u00b0 196 du 30 juin 2003, NOUS VOULONS VOUS INFORMER que notre soci\u00e9t\u00e9 Gasperini snc traite les donn\u00e9es personnelles des clients et des fournisseurs et des personnes qui communiquent volontairement (par t\u00e9l\u00e9phone, fax ou e-mail) leurs donn\u00e9es personnelles \u00e0 notre bureau commercial ou \u00e0 la direction de notre soci\u00e9t\u00e9 et des personnes dont les donn\u00e9es ont \u00e9t\u00e9 recueillies aupr\u00e8s de tiers au cours, par exemple, d&rsquo;op\u00e9rations externes d&rsquo;acquisition de donn\u00e9es pour des informations commerciales, des listes publiques, etc. Dans ce dernier cas, seules des donn\u00e9es \u00e0 caract\u00e8re personnel de nature commune sont concern\u00e9es.<\/p>\n<p>Notre soci\u00e9t\u00e9 garantit, dans le cadre des dispositions l\u00e9gales, que le traitement des donn\u00e9es personnelles est effectu\u00e9 dans le respect des droits des libert\u00e9s fondamentales et de la dignit\u00e9 de la personne concern\u00e9e, notamment en ce qui concerne la confidentialit\u00e9, l&rsquo;identit\u00e9 personnelle et le droit \u00e0 la protection des donn\u00e9es personnelles.<\/p>\n<p>Finalit\u00e9s du traitement<br \/>\nRespect des obligations l\u00e9gales, des r\u00e8glements, de la l\u00e9gislation europ\u00e9enne, du droit civil et du droit fiscal.<br \/>\npour remplir toute obligation contractuelle envers la personne concern\u00e9e<br \/>\nPour r\u00e9aliser des activit\u00e9s li\u00e9es \u00e0 l&rsquo;activit\u00e9 \u00e9conomique de notre entreprise, telles que l&rsquo;\u00e9tablissement de statistiques internes, la facturation, la comptabilit\u00e9 clients-fournisseurs.<br \/>\ndes fins commerciales, telles que l&rsquo;envoi d&rsquo;informations commerciales et de mat\u00e9riel publicitaire (par courrier, t\u00e9l\u00e9copie et courrier \u00e9lectronique), le marketing et les \u00e9tudes de march\u00e9.<br \/>\nProtection du cr\u00e9dit et gestion des dettes<br \/>\n\u00e0 des fins d&rsquo;assurance, notamment l&rsquo;assurance-cr\u00e9dit<\/p>\n<p>NATURE FACULTATIVE DE LA TRANSMISSION DES DONN\u00c9ES : Sans pr\u00e9judice de ce qui pr\u00e9c\u00e8de, dans le cas des donn\u00e9es de navigation, l&rsquo;utilisateur est libre de fournir \u00e0 l&rsquo;\u00e9diteur\/au responsable du traitement des donn\u00e9es suppl\u00e9mentaires afin d&rsquo;acc\u00e9der \u00e0 des services particuliers tels que les newsletters du forum, les services de commerce \u00e9lectronique ou les demandes d&rsquo;information qu&rsquo;il souhaite transmettre au site www.gasperinieps.it, en autorisant leur traitement dans les limites et aux fins du service ou de l&rsquo;information demand\u00e9e.<br \/>\nLe fait de ne pas les fournir peut rendre impossible la fourniture du service ou de l&rsquo;information. Veuillez \u00e9galement noter que l&rsquo;acceptation des cookies est une condition n\u00e9cessaire et in\u00e9vitable pour utiliser le service de consultation des pages dynamiques.<\/p>\n<p>COMMUNICATION ET\/OU DISTRIBUTION DES DONN\u00c9ES : Les donn\u00e9es personnelles des utilisateurs sont utilis\u00e9es uniquement dans le but d&rsquo;ex\u00e9cuter le service ou la prestation demand\u00e9e et ne sont communiqu\u00e9es \u00e0 des tiers que dans les cas suivants<br \/>\nAux \u00e9tablissements de cr\u00e9dit avec lesquels notre soci\u00e9t\u00e9 est en relation pour la gestion des cr\u00e9dits\/dettes et l&rsquo;interm\u00e9diation financi\u00e8re A toutes les personnes physiques et\/ou morales, publiques et\/ou priv\u00e9es (cabinets de conseil juridique, administratif et fiscal, offices judiciaires, Chambres de commerce, etc.) lorsque cela est n\u00e9cessaire en vue du service demand\u00e9 par l&rsquo;Utilisateur ;<br \/>\nla communication est requise par des dispositions l\u00e9gislatives ou r\u00e9glementaires, par ordre des Autorit\u00e9s Publiques. ou en raison d&rsquo;une \u00e9ventuelle action en justice en vertu d&rsquo;une disposition sp\u00e9cifique ;<br \/>\nl&rsquo;Utilisateur lui-m\u00eame autorise express\u00e9ment et le propri\u00e9taire du site ou le responsable du traitement des donn\u00e9es \u00e0 envoyer \u00e0 des op\u00e9rateurs commerciaux tiers ses donn\u00e9es commerciales dans le but principal de recevoir des offres commerciales cibl\u00e9es en fonction des go\u00fbts et des d\u00e9sirs exprim\u00e9s sur la base des donn\u00e9es acquises et fournies.<\/p>\n<p>LES M\u00c9THODES DE TRAITEMENT<\/p>\n<p>Les donn\u00e9es personnelles sont trait\u00e9es par des outils automatis\u00e9s sous forme anonyme pendant le temps strictement n\u00e9cessaire pour atteindre les objectifs pour lesquels elles ont \u00e9t\u00e9 collect\u00e9es. Des mesures de s\u00e9curit\u00e9 sp\u00e9cifiques sont observ\u00e9es pour pr\u00e9venir la perte de donn\u00e9es, l&rsquo;utilisation illicite ou incorrecte et l&rsquo;acc\u00e8s non autoris\u00e9.<br \/>\nLes donn\u00e9es personnelles trait\u00e9es par notre soci\u00e9t\u00e9 ne font pas l&rsquo;objet d&rsquo;une diffusion. Le traitement peut \u00eatre effectu\u00e9 avec ou sans l&rsquo;aide de moyens \u00e9lectroniques ou automatis\u00e9s et comprend toutes les op\u00e9rations pr\u00e9vues par l&rsquo;art. 4, section 1, lettre a du d\u00e9cret l\u00e9gislatif n\u00b0 196 du 30 juin 2003 et n\u00e9cessaires au traitement en question. En tout \u00e9tat de cause, le traitement est effectu\u00e9 dans le respect de toutes les mesures de pr\u00e9caution qui garantissent la s\u00e9curit\u00e9 et la confidentialit\u00e9.<br \/>\nLe Code de la vie priv\u00e9e accorde \u00e0 la personne concern\u00e9e l&rsquo;exercice de droits sp\u00e9cifiques en vertu de l&rsquo;art. 7. En particulier, ils peuvent obtenir du responsable du traitement des donn\u00e9es la confirmation de l&rsquo;existence ou non de donn\u00e9es \u00e0 caract\u00e8re personnel les concernant et la communication de ces donn\u00e9es sous une forme intelligible. L&rsquo;int\u00e9ress\u00e9 peut \u00e9galement demander \u00e0 conna\u00eetre l&rsquo;origine des donn\u00e9es, les finalit\u00e9s et les modalit\u00e9s du traitement ainsi que la logique appliqu\u00e9e en cas de traitement effectu\u00e9 \u00e0 l&rsquo;aide d&rsquo;instruments \u00e9lectroniques, les donn\u00e9es d&rsquo;identification du responsable du traitement, des personnes nomm\u00e9es et des sujets et cat\u00e9gories de sujets auxquels les donn\u00e9es peuvent \u00eatre communiqu\u00e9es ou qui peuvent en prendre connaissance.<\/p>\n<p>CONTR\u00d4LEUR DES DONN\u00c9ES<\/p>\n<p>Le contr\u00f4leur des donn\u00e9es est Paolo Gasperini<br \/>\nLe contr\u00f4leur des donn\u00e9es est Paolo Gasperini<\/p>\n<p>LIEU DE TRAITEMENT DES DONN\u00c9ES<\/p>\n<p>Les op\u00e9rations de traitement li\u00e9es aux services web offerts par ce site ont lieu dans les bureaux du responsable du traitement des donn\u00e9es de Gasperini snc, actuellement \u00e0 V. Di Vittorio 29, 38068 Rovereto (TN) et sont utilis\u00e9s, g\u00e9r\u00e9s et trait\u00e9s uniquement par du personnel autoris\u00e9 et form\u00e9.<br \/>\nAucune donn\u00e9e d\u00e9rivant du service web n&rsquo;est communiqu\u00e9e ou divulgu\u00e9e \u00e0 des tiers sans l&rsquo;autorisation expresse du Trait\u00e9 ou \u00e0 des fins autres que celles express\u00e9ment autoris\u00e9es.<\/p>\n<p>Politique en mati\u00e8re de cookies Gasperini snc : Afin de rendre votre visite sur notre site web aussi confortable que possible, nous utilisons des cookies pour pr\u00e9senter notre gamme de produits. Il s&rsquo;agit de petits agr\u00e9gats de texte stock\u00e9s localement dans la m\u00e9moire temporaire de votre navigateur, et donc dans votre ordinateur, pour des p\u00e9riodes de temps variables en fonction des besoins et allant g\u00e9n\u00e9ralement de quelques heures \u00e0 plusieurs ann\u00e9es, \u00e0 l&rsquo;exception des cookies de profilage dont la dur\u00e9e maximale est de 365 jours civils.<br \/>\nAu moyen de cookies, il est possible d&rsquo;enregistrer de mani\u00e8re semi-permanente des informations relatives \u00e0 vos pr\u00e9f\u00e9rences et d&rsquo;autres donn\u00e9es techniques qui permettent une navigation plus ais\u00e9e et une plus grande facilit\u00e9 d&rsquo;utilisation et efficacit\u00e9 du site lui-m\u00eame. Par exemple, les cookies peuvent \u00eatre utilis\u00e9s pour d\u00e9terminer si une connexion a d\u00e9j\u00e0 \u00e9t\u00e9 \u00e9tablie entre votre ordinateur et nos sites afin de mettre en \u00e9vidence de nouvelles fonctionnalit\u00e9s ou de conserver les informations de \u00ab\u00a0connexion\u00a0\u00bb. Pour votre protection, seul le cookie stock\u00e9 sur votre ordinateur est identifi\u00e9.<br \/>\nCette utilisation ne fait absolument pas appel \u00e0 des cookies dits de profilage. Aucune donn\u00e9e concernant vos go\u00fbts, pr\u00e9f\u00e9rences, hobbies et passions ou toute autre information utile \u00e0 des fins commerciales ou non commerciales n&rsquo;est stock\u00e9e ou analys\u00e9e.<\/p>\n<p>Types de cookies mis en \u0153uvre<br \/>\nCe site utilise deux types de cookies diff\u00e9rents :<\/p>\n<p>A) Cookies techniques essentiels :<br \/>\nCes cookies sont n\u00e9cessaires au bon fonctionnement du site. Ils vous permettent de naviguer sur les pages, de partager notre contenu, de stocker vos identifiants de connexion afin de vous permettre d&rsquo;acc\u00e9der plus rapidement au site et de conserver vos pr\u00e9f\u00e9rences et vos identifiants actifs pendant votre navigation. Sans ces cookies, nous ne pourrions pas fournir les services pour lesquels les utilisateurs acc\u00e8dent au site.<\/p>\n<p>B) Cookies statistiques et de performance :<br \/>\nCes cookies nous permettent de savoir comment les visiteurs utilisent le site, afin que nous puissions \u00e9valuer et am\u00e9liorer son fonctionnement et donner la priorit\u00e9 \u00e0 la production du contenu qui r\u00e9pond le mieux aux besoins d&rsquo;information de nos utilisateurs. Par exemple, ils nous permettent de savoir quelles sont les pages les plus et les moins visit\u00e9es. Ils tiennent compte, entre autres, du nombre de visiteurs, du temps pass\u00e9 sur le site par l&rsquo;utilisateur moyen et de leur mode d&rsquo;arriv\u00e9e. De cette fa\u00e7on, nous pouvons savoir ce qui fonctionne bien et ce qu&rsquo;il faut am\u00e9liorer, et nous assurer que les pages se chargent rapidement et s&rsquo;affichent correctement. Toutes les informations et donn\u00e9es collect\u00e9es par ces cookies sont anonymes et non li\u00e9es \u00e0 vos donn\u00e9es personnelles et sont trait\u00e9es par le site de mani\u00e8re agr\u00e9g\u00e9e. Pour ex\u00e9cuter ces fonctions sur nos sites, nous utilisons des services tiers qui rendent les donn\u00e9es anonymes afin qu&rsquo;elles ne puissent pas \u00eatre rattach\u00e9es \u00e0 des personnes (ce que l&rsquo;on appelle le \u00ab\u00a0single-in\u00a0\u00bb). Lorsqu&rsquo;il existe des services qui ne sont pas enti\u00e8rement anonymis\u00e9s, vous pouvez les trouver list\u00e9s parmi les cookies tiers pour lesquels vous pouvez refuser le consentement, afin de garantir votre vie priv\u00e9e.<br \/>\n\u00c0 cette fin, ce site utilise Google Analytics. Google Analytics est un service d&rsquo;analyse du Web fourni par Google, Inc. (\u00ab\u00a0Google\u00a0\u00bb). Google Analytics utilise des \u00ab\u00a0cookies\u00a0\u00bb pour permettre au site web d&rsquo;analyser la mani\u00e8re dont les utilisateurs utilisent le site. Les informations g\u00e9n\u00e9r\u00e9es par les cookies concernant votre utilisation du site (y compris votre adresse IP) sont transmises \u00e0 un serveur de Google aux \u00c9tats-Unis et y sont stock\u00e9es. Google utilisera cette information dans le but d&rsquo;\u00e9valuer votre utilisation du site, de compiler des rapports sur l&rsquo;activit\u00e9 du site \u00e0 destination de son \u00e9diteur et de fournir d&rsquo;autres services relatifs \u00e0 l&rsquo;activit\u00e9 du site et \u00e0 l&rsquo;utilisation d&rsquo;Internet. Google peut \u00e9galement transmettre ces informations \u00e0 des tiers si la loi l&rsquo;exige ou si ces tiers traitent ces informations pour le compte de Google. Google n&rsquo;associera pas votre adresse IP \u00e0 d&rsquo;autres donn\u00e9es d\u00e9tenues par Google.<\/p>\n<p>Les fonctions mat\u00e9riellement ex\u00e9cut\u00e9es par les cookies sur ce site web sont les suivantes :<\/p>\n<p>Pr\u00e9f\u00e9rences<br \/>\nLa perte des informations stock\u00e9es dans un cookie de pr\u00e9f\u00e9rence peut rendre votre exp\u00e9rience sur le site web moins fonctionnelle, mais ne devrait pas l&rsquo;affecter. La plupart des utilisateurs de Google disposent d&rsquo;un cookie de pr\u00e9f\u00e9rence appel\u00e9 \u00ab\u00a0PREF\u00a0\u00bb dans leur navigateur. Un navigateur envoie ce cookie avec les demandes adress\u00e9es aux sites de Google. Le cookie PREF peut enregistrer vos pr\u00e9f\u00e9rences et d&rsquo;autres informations, notamment votre langue pr\u00e9f\u00e9r\u00e9e (par exemple, l&rsquo;italien), le nombre de r\u00e9sultats de recherche que vous souhaitez afficher par page (par exemple, 10 ou 20) et votre pr\u00e9f\u00e9rence pour l&rsquo;activation du filtre SafeSearch de Google.<\/p>\n<p>S\u00e9curit\u00e9<br \/>\nNous utilisons des cookies de s\u00e9curit\u00e9 pour authentifier les utilisateurs, emp\u00eacher l&rsquo;utilisation frauduleuse des identifiants de connexion et prot\u00e9ger les donn\u00e9es des utilisateurs contre les parties non autoris\u00e9es.<br \/>\nPar exemple, nous utilisons des cookies appel\u00e9s \u00ab\u00a0SID\u00a0\u00bb et \u00ab\u00a0HSID\u00a0\u00bb qui contiennent des enregistrements chiffr\u00e9s et sign\u00e9s num\u00e9riquement pour l&rsquo;identifiant du compte Google d&rsquo;un utilisateur et sa date de connexion la plus r\u00e9cente. La combinaison de ces deux cookies nous permet de bloquer de nombreux types d&rsquo;attaques, comme les tentatives de vol du contenu des formulaires que vous remplissez sur les pages web.<\/p>\n<p>Processus<br \/>\nLes cookies de traitement aident les sites web \u00e0 fonctionner et \u00e0 fournir les services que les visiteurs s&rsquo;attendent \u00e0 y trouver, par exemple la possibilit\u00e9 de naviguer entre les pages ou d&rsquo;acc\u00e9der \u00e0 des zones s\u00e9curis\u00e9es du site. Sans ces cookies, le site ne peut pas fonctionner correctement.<br \/>\nPar exemple, nous utilisons un cookie appel\u00e9 \u00ab\u00a0lbcs\u00a0\u00bb qui permet \u00e0 Google Docs d&rsquo;ouvrir plusieurs documents dans un seul navigateur. Le blocage de ce cookie peut affecter le bon fonctionnement de Google Docs.<\/p>\n<p>Analytique<br \/>\nGoogle Analytics est un outil d&rsquo;analyse de Google qui aide les propri\u00e9taires de sites Web et d&rsquo;applications \u00e0 comprendre comment les visiteurs interagissent avec leur contenu. Un ensemble de cookies peut \u00eatre utilis\u00e9 pour collecter des informations et g\u00e9n\u00e9rer des statistiques sur l&rsquo;utilisation du site Web sans que Google n&rsquo;identifie les visiteurs individuels.<br \/>\nOutre la g\u00e9n\u00e9ration de rapports statistiques sur l&rsquo;utilisation du site Web, le pixel Google Analytics peut \u00eatre utilis\u00e9, avec certains des cookies publicitaires d\u00e9crits ci-dessus, pour nous permettre d&rsquo;afficher des r\u00e9sultats plus pertinents sur les propri\u00e9t\u00e9s de Google (telles que Google Search) et sur l&rsquo;ensemble du Web.<br \/>\nSi vous souhaitez en savoir plus \u00e0 ce sujet, lisez la section sur les cookies analytiques et la confidentialit\u00e9.<\/p>\n<p>Gestion des cookies et pr\u00e9f\u00e9rences :<br \/>\nSi vous avez des doutes ou des inqui\u00e9tudes quant \u00e0 l&rsquo;utilisation des cookies, vous pouvez toujours prendre des mesures pour emp\u00eacher leur installation et leur lecture, par exemple en modifiant les param\u00e8tres de confidentialit\u00e9 de votre navigateur pour bloquer certains types.\u00a0Comme chaque navigateur &#8211; et souvent les diff\u00e9rentes versions d&rsquo;un m\u00eame navigateur &#8211; diff\u00e8rent consid\u00e9rablement les uns des autres, vous trouverez des informations d\u00e9taill\u00e9es sur la mani\u00e8re de proc\u00e9der dans le guide d&rsquo;utilisation de votre navigateur si vous pr\u00e9f\u00e9rez le faire vous-m\u00eame. Pour un aper\u00e7u des mesures \u00e0 prendre pour les navigateurs les plus courants, veuillez consulter le site www.cookiepedia.co.uk.<br \/>\nLa plupart des navigateurs vous permettent de g\u00e9rer vos pr\u00e9f\u00e9rences en mati\u00e8re de cookies. Vous pouvez configurer votre navigateur pour qu&rsquo;il refuse les cookies ou qu&rsquo;il n&rsquo;en supprime que certains. De la m\u00eame mani\u00e8re que vous d\u00e9sactivez l&rsquo;utilisation des cookies, vous pouvez d\u00e9sactiver d&rsquo;autres technologies similaires.<\/p>\n<p>Les liens suivants montrent comment vous pouvez d\u00e9finir vos pr\u00e9f\u00e9rences sur les navigateurs les plus couramment utilis\u00e9s :<\/p>\n<p><a href=\"http:\/\/goo.gl\/hwvr9\" target=\"_blank\" rel=\"noopener\">Internet Explorer\u00a0<\/a><\/p>\n<p><a href=\"https:\/\/goo.gl\/Oh7kxR\" target=\"_blank\" rel=\"noopener\">Firefox\u00a0<\/a><br \/>\n<a href=\"https:\/\/goo.gl\/2u1O5w\" target=\"_blank\" rel=\"noopener\">Safari\u00a0<\/a><br \/>\n<a href=\"https:\/\/goo.gl\/r5618P\" target=\"_blank\" rel=\"noopener\">Chrome<\/a><\/p>\n<p>Pour plus d&rsquo;informations et pour conna\u00eetre les options de retrait, veuillez consulter le site www.youronlinechoices.eu.<br \/>\nLes soci\u00e9t\u00e9s de publicit\u00e9 vous permettent \u00e9galement de refuser de recevoir des publicit\u00e9s cibl\u00e9es si vous le souhaitez. Cela n&#8217;emp\u00eache pas la mise en place de cookies, mais cela stoppe l&rsquo;utilisation et la collecte de certaines donn\u00e9es par ces soci\u00e9t\u00e9s.<br \/>\nVous pouvez refuser l&rsquo;utilisation de cookies en s\u00e9lectionnant le param\u00e8tre appropri\u00e9 de votre navigateur, mais cela peut vous emp\u00eacher d&rsquo;utiliser toutes les fonctionnalit\u00e9s de ce site web. En utilisant ce site Web, vous consentez au traitement des donn\u00e9es vous concernant par Google de la mani\u00e8re et aux fins d\u00e9crites ci-dessus.<br \/>\nL&rsquo;installation de cookies peut \u00eatre bloqu\u00e9e au moyen des param\u00e8tres appropri\u00e9s de votre logiciel de navigation ; toutefois, veuillez noter qu&rsquo;en activant ce blocage, certaines fonctions de ce site web peuvent ne pas \u00eatre enti\u00e8rement utilisables. Vous pouvez emp\u00eacher l&rsquo;enregistrement et le traitement par Google des informations g\u00e9n\u00e9r\u00e9es par les cookies (y compris votre adresse IP).<\/p>\n<p>Acceptation et renonciation aux cookies En continuant \u00e0 naviguer sur ce site en fermant l&rsquo;enveloppe d&rsquo;information ou en cliquant n&rsquo;importe o\u00f9 sur la page ou en faisant d\u00e9filer la page pour mettre en \u00e9vidence d&rsquo;autres contenus, vous acceptez la politique en mati\u00e8re de cookies de www.gasperinieps.it di Gasperini snc et les cookies seront d\u00e9finis et collect\u00e9s. \u00a0Vous aurez toujours la possibilit\u00e9 de supprimer ces cookies \u00e0 tout moment par le biais des sites mentionn\u00e9s dans le paragraphe \u00ab\u00a0Gestion des cookies\u00a0\u00bb.<\/p>\n<p>DROITS DES INT\u00c9RESS\u00c9S : L&rsquo;int\u00e9ress\u00e9 a le droit d&rsquo;obtenir la mise \u00e0 jour, la rectification, l&rsquo;int\u00e9gration, la suppression, la transformation sous forme anonyme ou le blocage des donn\u00e9es trait\u00e9es en violation de la loi. La personne concern\u00e9e a le droit de s&rsquo;opposer, en tout ou en partie, pour des motifs l\u00e9gitimes, au traitement des donn\u00e9es personnelles la concernant, m\u00eame si elles sont pertinentes au but de la collecte, et sans raison au traitement des donn\u00e9es la concernant pour l&rsquo;envoi de mat\u00e9riel publicitaire et de vente directe ou pour la r\u00e9alisation d&rsquo;\u00e9tudes de march\u00e9 ou de communication commerciale. Les droits en question peuvent \u00eatre exerc\u00e9s, \u00e9galement par l&rsquo;interm\u00e9diaire d&rsquo;une personne d\u00e9sign\u00e9e, au moyen d&rsquo;une demande adress\u00e9e \u00e0 : Paolo Gasperini, Gasperini snc, V. Di Vittorio 29, 38068 Rovereto (TN), par lettre recommand\u00e9e ou par courrier \u00e9lectronique \u00e0 l&rsquo;adresse suivante : posta@gasperinieps.it.<\/p>\n<\/div>\n[\/vc_column_text][\/vc_column][vc_column column_padding=\u00a0\u00bbno-extra-padding\u00a0\u00bb column_padding_tablet=\u00a0\u00bbinherit\u00a0\u00bb column_padding_phone=\u00a0\u00bbinherit\u00a0\u00bb column_padding_position=\u00a0\u00bball\u00a0\u00bb column_element_direction_desktop=\u00a0\u00bbdefault\u00a0\u00bb column_element_spacing=\u00a0\u00bbdefault\u00a0\u00bb desktop_text_alignment=\u00a0\u00bbdefault\u00a0\u00bb tablet_text_alignment=\u00a0\u00bbdefault\u00a0\u00bb phone_text_alignment=\u00a0\u00bbdefault\u00a0\u00bb background_color_opacity=\u00a0\u00bb1&Prime; background_hover_color_opacity=\u00a0\u00bb1&Prime; column_backdrop_filter=\u00a0\u00bbnone\u00a0\u00bb column_shadow=\u00a0\u00bbnone\u00a0\u00bb column_border_radius=\u00a0\u00bbnone\u00a0\u00bb column_link_target=\u00a0\u00bb_self\u00a0\u00bb column_position=\u00a0\u00bbdefault\u00a0\u00bb gradient_direction=\u00a0\u00bbleft_to_right\u00a0\u00bb overlay_strength=\u00a0\u00bb0.3&Prime; width=\u00a0\u00bb1\/3&Prime; tablet_width_inherit=\u00a0\u00bbdefault\u00a0\u00bb animation_type=\u00a0\u00bbdefault\u00a0\u00bb bg_image_animation=\u00a0\u00bbnone\u00a0\u00bb border_type=\u00a0\u00bbsimple\u00a0\u00bb column_border_width=\u00a0\u00bbnone\u00a0\u00bb column_border_style=\u00a0\u00bbsolid\u00a0\u00bb][\/vc_column][\/vc_row]\n","protected":false},"excerpt":{"rendered":"<p>[vc_row type=\u00a0\u00bbin_container\u00a0\u00bb full_screen_row_position=\u00a0\u00bbmiddle\u00a0\u00bb column_margin=\u00a0\u00bbdefault\u00a0\u00bb column_direction=\u00a0\u00bbdefault\u00a0\u00bb column_direction_tablet=\u00a0\u00bbdefault\u00a0\u00bb column_direction_phone=\u00a0\u00bbdefault\u00a0\u00bb scene_position=\u00a0\u00bbcenter\u00a0\u00bb top_padding=\u00a0\u00bb100&Prime; bottom_padding=\u00a0\u00bb100&Prime; text_color=\u00a0\u00bbdark\u00a0\u00bb text_align=\u00a0\u00bbleft\u00a0\u00bb row_border_radius=\u00a0\u00bbnone\u00a0\u00bb row_border_radius_applies=\u00a0\u00bbbg\u00a0\u00bb overflow=\u00a0\u00bbvisible\u00a0\u00bb overlay_strength=\u00a0\u00bb0.3&Prime; gradient_direction=\u00a0\u00bbleft_to_right\u00a0\u00bb shape_divider_position=\u00a0\u00bbbottom\u00a0\u00bb bg_image_animation=\u00a0\u00bbnone\u00a0\u00bb][vc_column column_padding=\u00a0\u00bbno-extra-padding\u00a0\u00bb column_padding_tablet=\u00a0\u00bbinherit\u00a0\u00bb column_padding_phone=\u00a0\u00bbinherit\u00a0\u00bb column_padding_position=\u00a0\u00bball\u00a0\u00bb column_element_direction_desktop=\u00a0\u00bbdefault\u00a0\u00bb column_element_spacing=\u00a0\u00bbdefault\u00a0\u00bb desktop_text_alignment=\u00a0\u00bbdefault\u00a0\u00bb tablet_text_alignment=\u00a0\u00bbdefault\u00a0\u00bb phone_text_alignment=\u00a0\u00bbdefault\u00a0\u00bb background_color_opacity=\u00a0\u00bb1&Prime; background_hover_color_opacity=\u00a0\u00bb1&Prime; column_backdrop_filter=\u00a0\u00bbnone\u00a0\u00bb column_shadow=\u00a0\u00bbnone\u00a0\u00bb column_border_radius=\u00a0\u00bbnone\u00a0\u00bb column_link_target=\u00a0\u00bb_self\u00a0\u00bb column_position=\u00a0\u00bbdefault\u00a0\u00bb gradient_direction=\u00a0\u00bbleft_to_right\u00a0\u00bb overlay_strength=\u00a0\u00bb0.3&Prime; width=\u00a0\u00bb2\/3&Prime; tablet_width_inherit=\u00a0\u00bbdefault\u00a0\u00bb animation_type=\u00a0\u00bbdefault\u00a0\u00bb&#8230;<\/p>\n","protected":false},"author":1,"featured_media":0,"parent":0,"menu_order":0,"comment_status":"closed","ping_status":"closed","template":"","meta":{"footnotes":""},"class_list":["post-3297","page","type-page","status-publish"],"publishpress_future_action":{"enabled":false,"date":"2026-04-22 02:08:22","action":"change-status","newStatus":"draft","terms":[],"taxonomy":"translation_priority","extraData":[]},"publishpress_future_workflow_manual_trigger":{"enabledWorkflows":[]},"_links":{"self":[{"href":"https:\/\/p-hive.com\/fr\/wp-json\/wp\/v2\/pages\/3297","targetHints":{"allow":["GET"]}}],"collection":[{"href":"https:\/\/p-hive.com\/fr\/wp-json\/wp\/v2\/pages"}],"about":[{"href":"https:\/\/p-hive.com\/fr\/wp-json\/wp\/v2\/types\/page"}],"author":[{"embeddable":true,"href":"https:\/\/p-hive.com\/fr\/wp-json\/wp\/v2\/users\/1"}],"replies":[{"embeddable":true,"href":"https:\/\/p-hive.com\/fr\/wp-json\/wp\/v2\/comments?post=3297"}],"version-history":[{"count":2,"href":"https:\/\/p-hive.com\/fr\/wp-json\/wp\/v2\/pages\/3297\/revisions"}],"predecessor-version":[{"id":3344,"href":"https:\/\/p-hive.com\/fr\/wp-json\/wp\/v2\/pages\/3297\/revisions\/3344"}],"wp:attachment":[{"href":"https:\/\/p-hive.com\/fr\/wp-json\/wp\/v2\/media?parent=3297"}],"curies":[{"name":"wp","href":"https:\/\/api.w.org\/{rel}","templated":true}]}}