{"id":3299,"date":"2016-10-04T09:46:54","date_gmt":"2016-10-04T09:46:54","guid":{"rendered":"https:\/\/p-hive.com\/privacy\/"},"modified":"2022-11-24T07:40:06","modified_gmt":"2022-11-24T07:40:06","slug":"privacidad","status":"publish","type":"page","link":"https:\/\/p-hive.com\/es\/privacidad\/","title":{"rendered":"Privacidad"},"content":{"rendered":"[vc_row type=\u00bbin_container\u00bb full_screen_row_position=\u00bbmiddle\u00bb column_margin=\u00bbdefault\u00bb column_direction=\u00bbdefault\u00bb column_direction_tablet=\u00bbdefault\u00bb column_direction_phone=\u00bbdefault\u00bb scene_position=\u00bbcenter\u00bb top_padding=\u00bb100&#8243; bottom_padding=\u00bb100&#8243; text_color=\u00bbdark\u00bb text_align=\u00bbleft\u00bb row_border_radius=\u00bbnone\u00bb row_border_radius_applies=\u00bbbg\u00bb overflow=\u00bbvisible\u00bb overlay_strength=\u00bb0.3&#8243; gradient_direction=\u00bbleft_to_right\u00bb shape_divider_position=\u00bbbottom\u00bb bg_image_animation=\u00bbnone\u00bb][vc_column column_padding=\u00bbno-extra-padding\u00bb column_padding_tablet=\u00bbinherit\u00bb column_padding_phone=\u00bbinherit\u00bb column_padding_position=\u00bball\u00bb column_element_direction_desktop=\u00bbdefault\u00bb column_element_spacing=\u00bbdefault\u00bb desktop_text_alignment=\u00bbdefault\u00bb tablet_text_alignment=\u00bbdefault\u00bb phone_text_alignment=\u00bbdefault\u00bb background_color_opacity=\u00bb1&#8243; background_hover_color_opacity=\u00bb1&#8243; column_backdrop_filter=\u00bbnone\u00bb column_shadow=\u00bbnone\u00bb column_border_radius=\u00bbnone\u00bb column_link_target=\u00bb_self\u00bb column_position=\u00bbdefault\u00bb gradient_direction=\u00bbleft_to_right\u00bb overlay_strength=\u00bb0.3&#8243; width=\u00bb2\/3&#8243; tablet_width_inherit=\u00bbdefault\u00bb animation_type=\u00bbdefault\u00bb bg_image_animation=\u00bbnone\u00bb border_type=\u00bbsimple\u00bb column_border_width=\u00bbnone\u00bb column_border_style=\u00bbsolid\u00bb][vc_column_text]\n<div id=\"credit\">\n<p>Informaci\u00f3n proporcionada de acuerdo con el Decreto Legislativo de 30\/06\/2003 \u00abC\u00f3digo de Privacidad\u00bb.<\/p>\n<p>De conformidad con el art. 13 del Decreto Legislativo n\u00ba 196 del 30 de junio de 2003, le informamos que nuestra empresa Gasperini snc trata los datos personales de clientes y proveedores y de personas que voluntariamente comunican (por tel\u00e9fono, fax o correo electr\u00f3nico) sus datos personales a nuestra oficina de ventas o a la direcci\u00f3n de nuestra empresa y de personas cuyos datos han sido recogidos de terceros durante, por ejemplo, operaciones externas de adquisici\u00f3n de datos para informaci\u00f3n comercial, listas p\u00fablicas, etc. En este \u00faltimo caso, s\u00f3lo se trata de datos personales de car\u00e1cter com\u00fan.<\/p>\n<p>Nuestra empresa garantiza, en el marco de las disposiciones legales, que el tratamiento de los datos personales se realiza respetando los derechos de las libertades fundamentales y la dignidad de la persona afectada, con especial referencia a la confidencialidad, la identidad personal y el derecho a la protecci\u00f3n de los datos personales.<\/p>\n<p>Fines del tratamiento<br \/>\nCumplimiento de las obligaciones legales, reglamentos, legislaci\u00f3n de la UE, leyes civiles y fiscales<br \/>\nCumplir cualquier obligaci\u00f3n contractual con el interesado<br \/>\nCumplir con las actividades relacionadas con la actividad econ\u00f3mica de nuestra empresa, como la elaboraci\u00f3n de estad\u00edsticas internas, para la facturaci\u00f3n, la contabilidad cliente-proveedor<br \/>\nFines comerciales, como el env\u00edo de informaci\u00f3n comercial y material publicitario (por correo postal, fax y correo electr\u00f3nico), marketing y estudios de mercado<br \/>\nProtecci\u00f3n del cr\u00e9dito y gesti\u00f3n de la deuda<br \/>\nProp\u00f3sitos de seguro, en particular el seguro de cr\u00e9dito<\/p>\n<p>NATURALEZA OPCIONAL DEL ENV\u00cdO DE DATOS: Sin perjuicio de lo anterior, en el caso de los datos de navegaci\u00f3n, el usuario es libre de proporcionar al editor\/tratador datos adicionales para acceder a servicios particulares como los boletines de noticias del foro, los servicios de comercio electr\u00f3nico o las solicitudes de informaci\u00f3n que desee transmitir al sitio www.gasperinieps.it, autorizando su tratamiento dentro de los l\u00edmites y para los fines del servicio o la informaci\u00f3n solicitada.<br \/>\nSi no se facilitan, puede resultar imposible prestar el servicio o la informaci\u00f3n. Tenga en cuenta tambi\u00e9n que la aceptaci\u00f3n de las cookies es una condici\u00f3n necesaria e inevitable para utilizar el servicio de consulta de p\u00e1ginas din\u00e1micas.<\/p>\n<p>COMUNICACI\u00d3N Y\/O DISTRIBUCI\u00d3N DE DATOS: Los datos personales de los usuarios se utilizan \u00fanicamente para la realizaci\u00f3n del servicio o prestaci\u00f3n solicitada y se comunican a terceros s\u00f3lo en los siguientes casos<br \/>\nA las entidades de cr\u00e9dito con las que nuestra empresa se relaciona para la gesti\u00f3n de cr\u00e9ditos\/deudas e intermediaci\u00f3n financiera A todas aquellas personas f\u00edsicas y\/o jur\u00eddicas, p\u00fablicas y\/o privadas (asesor\u00edas jur\u00eddicas, administrativas y fiscales, oficinas judiciales, C\u00e1maras de Comercio, etc.) en las que sea necesario en atenci\u00f3n al servicio solicitado por el Usuario;<br \/>\nla comunicaci\u00f3n es requerida por ley o reglamento, por orden de las Autoridades P\u00fablicas. o por raz\u00f3n de una posible acci\u00f3n legal en virtud de una disposici\u00f3n espec\u00edfica;<br \/>\nel propio Usuario autoriza expresamente y el titular del sitio o el responsable del tratamiento a enviar a terceros comerciantes sus datos comerciales con la finalidad principal de recibir ofertas comerciales dirigidas en funci\u00f3n de los gustos y deseos manifestados en base a los datos adquiridos y facilitados<\/p>\n<p>M\u00c9TODOS DE PROCESAMIENTO<\/p>\n<p>Los datos personales se procesan mediante herramientas automatizadas de forma an\u00f3nima durante el tiempo estrictamente necesario para lograr los fines para los que fueron recogidos. Se observan medidas de seguridad espec\u00edficas para evitar la p\u00e9rdida de datos, el uso il\u00edcito o incorrecto y el acceso no autorizado.<br \/>\nLos datos personales tratados por nuestra empresa no son objeto de difusi\u00f3n. El tratamiento podr\u00e1 realizarse con o sin ayuda de medios electr\u00f3nicos o automatizados y comprender\u00e1 todas las operaciones previstas en el art. 4, apartado 1, letra a del Decreto Legislativo n\u00ba 196 de 30 de junio de 2003 y necesarias para el tratamiento en cuesti\u00f3n. En cualquier caso, el tratamiento se realizar\u00e1 respetando todas las medidas de precauci\u00f3n que garanticen la seguridad y la confidencialidad.<br \/>\nEl C\u00f3digo de Privacidad concede al interesado el ejercicio de derechos espec\u00edficos en virtud del art\u00edculo 7. En particular, pueden obtener del responsable del tratamiento la confirmaci\u00f3n de la existencia o no de datos personales que les conciernen y la comunicaci\u00f3n de dichos datos en forma inteligible. El interesado tambi\u00e9n puede solicitar conocer el origen de los datos, las finalidades y modalidades del tratamiento, as\u00ed como la l\u00f3gica aplicada en caso de tratamiento efectuado con ayuda de instrumentos electr\u00f3nicos, los datos de identificaci\u00f3n del responsable del tratamiento, las personas designadas y los sujetos y categor\u00edas de sujetos a los que los datos pueden ser comunicados o que pueden tener conocimiento de ellos.<\/p>\n<p>CONTROLADOR DE DATOS<\/p>\n<p>El responsable del tratamiento es Paolo Gasperini<br \/>\nEl responsable del tratamiento es Paolo Gasperini<\/p>\n<p>LUGAR DE TRATAMIENTO DE LOS DATOS<\/p>\n<p>Las operaciones de procesamiento relacionadas con los servicios web ofrecidos por este sitio tienen lugar en las oficinas del procesador de datos de Gasperini snc actual en V. Di Vittorio 29, 38068 Rovereto (TN) y son utilizados, gestionados y procesados \u00fanicamente por personal autorizado y formado.<br \/>\nNing\u00fan dato derivado del servicio web se comunica o divulga a terceros sin la autorizaci\u00f3n expresa del Tratado o para fines distintos de los expresamente autorizados.<\/p>\n<p>Pol\u00edtica de cookies Gasperini snc: Para que su visita a nuestra p\u00e1gina web sea lo m\u00e1s c\u00f3moda posible, utilizamos cookies para presentar nuestra gama de productos. Se trata de peque\u00f1os agregados de texto que se almacenan localmente en la memoria temporal de su navegador y, por tanto, en su ordenador, durante periodos de tiempo variables en funci\u00f3n de la necesidad y que generalmente oscilan entre unas horas y varios a\u00f1os, a excepci\u00f3n de las cookies de perfilado cuya duraci\u00f3n m\u00e1xima es de 365 d\u00edas naturales.<br \/>\nMediante las cookies es posible registrar de forma semipermanente informaci\u00f3n relativa a sus preferencias y otros datos t\u00e9cnicos que permiten una navegaci\u00f3n m\u00e1s sencilla y una mayor facilidad de uso y eficacia del propio sitio. Por ejemplo, las cookies pueden utilizarse para determinar si ya se ha establecido una conexi\u00f3n entre su ordenador y nuestros sitios para destacar nuevas funciones o para mantener la informaci\u00f3n de \u00abinicio de sesi\u00f3n\u00bb. Para su protecci\u00f3n, s\u00f3lo se identifica la cookie almacenada en su ordenador.<br \/>\nEste uso no utiliza en absoluto las llamadas cookies de perfil. No se almacenan ni analizan datos relativos a sus gustos, preferencias, aficiones y pasiones, ni ninguna otra informaci\u00f3n \u00fatil para fines comerciales o no comerciales.<\/p>\n<p>Tipos de cookies implementados:<br \/>\nEste sitio utiliza dos tipos diferentes de cookies:<\/p>\n<p>A) Cookies t\u00e9cnicas imprescindibles:<br \/>\nEstas cookies son necesarias para el correcto funcionamiento del sitio. Permiten navegar por las p\u00e1ginas, compartir nuestros contenidos, almacenar sus credenciales de acceso para agilizar su entrada al sitio y mantener sus preferencias y credenciales activas mientras navega. Sin estas cookies no podr\u00edamos prestar los servicios para los que los usuarios acceden al sitio.<\/p>\n<p>B) Cookies estad\u00edsticas y de rendimiento:<br \/>\nEstas cookies nos permiten conocer el uso que hacen los visitantes del sitio, de manera que podamos evaluar y mejorar su funcionamiento y priorizar la producci\u00f3n de contenidos que mejor satisfagan las necesidades de informaci\u00f3n de nuestros usuarios. Por ejemplo, nos permiten saber qu\u00e9 p\u00e1ginas son las m\u00e1s y las menos visitadas. Tienen en cuenta, entre otras cosas, el n\u00famero de visitantes, el tiempo que pasa en el sitio el usuario medio y c\u00f3mo llegan. De este modo, podemos saber qu\u00e9 funciona bien y qu\u00e9 hay que mejorar, as\u00ed como garantizar que las p\u00e1ginas se cargan r\u00e1pidamente y se muestran correctamente. Toda la informaci\u00f3n y los datos recogidos por estas cookies son an\u00f3nimos y no est\u00e1n vinculados a sus datos personales y son tratados por el sitio de forma agregada. Para llevar a cabo estas funciones en nuestros sitios, utilizamos servicios de terceros que anonimizan los datos para que no puedan ser rastreados hasta las personas (lo que se denomina \u00absingle-in\u00bb). Cuando hay servicios que no est\u00e1n totalmente anonimizados, puede encontrarlos en la lista de cookies de terceros para los que puede denegar el consentimiento, con el fin de garantizar su privacidad.<br \/>\nPara ello, este sitio web utiliza Google Analytics. Google Analytics es un servicio de an\u00e1lisis web prestado por Google, Inc. (\u00abGoogle\u00bb). Google Analytics utiliza \u00abcookies\u00bb para ayudar al sitio web a analizar el uso que hacen los usuarios del mismo. La informaci\u00f3n generada por la cookie sobre su uso del sitio web (incluida su direcci\u00f3n IP) ser\u00e1 transmitida y almacenada por Google en servidores de Estados Unidos. Google utilizar\u00e1 esta informaci\u00f3n con el fin de evaluar su uso del sitio web, recopilando informes sobre la actividad del sitio web para los operadores del mismo y prestando otros servicios relacionados con la actividad del sitio web y el uso de Internet. Google tambi\u00e9n podr\u00e1 transferir esta informaci\u00f3n a terceros cuando as\u00ed lo exija la ley o cuando dichos terceros procesen la informaci\u00f3n en nombre de Google. Google no asociar\u00e1 su direcci\u00f3n IP con ning\u00fan otro dato que posea.<\/p>\n<p>Las funciones que materialmente realizan las cookies en este sitio web son las siguientes:<\/p>\n<p>Preferencias<br \/>\nLa p\u00e9rdida de informaci\u00f3n almacenada en una cookie de preferencias puede hacer que su experiencia en el sitio web sea menos funcional, pero no deber\u00eda afectarla. La mayor\u00eda de los usuarios de Google tienen una cookie de preferencia llamada \u00abPREF\u00bb en sus navegadores. Un navegador env\u00eda esta cookie con las solicitudes a los sitios de Google. La cookie PREF puede almacenar sus preferencias y otra informaci\u00f3n, en particular su idioma preferido (por ejemplo, el italiano), el n\u00famero de resultados de b\u00fasqueda que desea mostrar por p\u00e1gina (por ejemplo, 10 o 20) y su preferencia para activar el filtro SafeSearch de Google.<\/p>\n<p>Seguridad<br \/>\nUtilizamos cookies de seguridad para autenticar a los usuarios, evitar el uso fraudulento de las credenciales de inicio de sesi\u00f3n y proteger los datos de los usuarios de personas no autorizadas.<br \/>\nPor ejemplo, utilizamos cookies denominadas \u00abSID\u00bb y \u00abHSID\u00bb que contienen registros firmados digitalmente y encriptados para el ID de la cuenta de Google de un usuario y su fecha de acceso m\u00e1s reciente. La combinaci\u00f3n de estas dos cookies nos permite bloquear muchos tipos de ataques, como los intentos de robar el contenido de los formularios que usted completa en las p\u00e1ginas web.<\/p>\n<p>Procesos<br \/>\nLas cookies de proceso ayudan a que los sitios web funcionen y proporcionen los servicios que los visitantes esperan encontrar en ellos, por ejemplo, la posibilidad de navegar entre p\u00e1ginas o acceder a \u00e1reas seguras del sitio. Sin estas cookies, el sitio no puede funcionar correctamente.<br \/>\nPor ejemplo, utilizamos una cookie llamada \u00ablbcs\u00bb que permite a Google Docs abrir muchos documentos en un solo navegador. El bloqueo de esta cookie puede afectar al correcto funcionamiento de Google Docs.<\/p>\n<p>Anal\u00edtica<br \/>\nGoogle Analytics es una herramienta de an\u00e1lisis de Google que ayuda a los propietarios de sitios web y aplicaciones a entender c\u00f3mo interact\u00faan los visitantes con su contenido. Un conjunto de cookies puede ser utilizado para recopilar informaci\u00f3n y generar estad\u00edsticas de uso del sitio web sin la identificaci\u00f3n personal de los visitantes individuales por parte de Google.<br \/>\nAdem\u00e1s de generar informes estad\u00edsticos sobre el uso del sitio web, la etiqueta de p\u00edxel de Google Analytics puede utilizarse, junto con algunas de las cookies publicitarias descritas anteriormente, para permitirnos mostrar resultados m\u00e1s relevantes en las propiedades de Google (como la B\u00fasqueda de Google) y en toda la web.<br \/>\nSi quieres saber m\u00e1s sobre esto lee m\u00e1s sobre las cookies de Analytics y la privacidad.<\/p>\n<p>Gesti\u00f3n de cookies y preferencias:<br \/>\nSi tiene alguna duda o preocupaci\u00f3n sobre el uso de las cookies, siempre puede tomar medidas para evitar que se instalen y lean, por ejemplo, cambiando la configuraci\u00f3n de privacidad de su navegador para bloquear ciertos tipos.\u00a0Como cada navegador -y a menudo las diferentes versiones del mismo- difieren considerablemente entre s\u00ed, puedes encontrar informaci\u00f3n detallada sobre c\u00f3mo hacerlo en la gu\u00eda de usuario de tu navegador si prefieres hacerlo t\u00fa mismo. Para ver un resumen de c\u00f3mo actuar para los navegadores m\u00e1s comunes, visite www.cookiepedia.co.uk.<br \/>\nLa mayor\u00eda de los navegadores permiten gestionar las preferencias de las cookies. Puede configurar su navegador para que rechace las cookies o para que elimine s\u00f3lo algunas de ellas. Del mismo modo que desactiva el uso de cookies, puede desactivar otras tecnolog\u00edas similares.<\/p>\n<p>Los siguientes enlaces muestran c\u00f3mo puede configurar sus preferencias en los navegadores m\u00e1s utilizados:<\/p>\n<p><a href=\"http:\/\/goo.gl\/hwvr9\" target=\"_blank\" rel=\"noopener\">Internet Explorer\u00a0<\/a><\/p>\n<p><a href=\"https:\/\/goo.gl\/Oh7kxR\" target=\"_blank\" rel=\"noopener\">Firefox\u00a0<\/a><br \/>\n<a href=\"https:\/\/goo.gl\/2u1O5w\" target=\"_blank\" rel=\"noopener\">Safari\u00a0<\/a><br \/>\n<a href=\"https:\/\/goo.gl\/r5618P\" target=\"_blank\" rel=\"noopener\">Chrome<\/a><\/p>\n<p>Para m\u00e1s informaci\u00f3n y opciones de exclusi\u00f3n, visite www.youronlinechoices.eu.<br \/>\nLas empresas de publicidad tambi\u00e9n le permiten optar por no recibir anuncios dirigidos si lo desea. Esto no impide la instalaci\u00f3n de cookies, pero s\u00ed impide el uso y la recopilaci\u00f3n de ciertos datos por parte de estas empresas.<br \/>\nPuede rechazar el uso de cookies seleccionando la configuraci\u00f3n adecuada en su navegador, pero esto puede impedirle utilizar todas las funciones de este sitio web. Al utilizar este sitio web, usted consiente el tratamiento de sus datos por parte de Google en la forma y para los fines arriba indicados.<br \/>\nLa instalaci\u00f3n de cookies puede bloquearse mediante la configuraci\u00f3n adecuada del software de su navegador; sin embargo, tenga en cuenta que al activar este bloqueo, algunas funciones de este sitio web pueden no ser totalmente utilizables. Usted puede impedir el registro y el tratamiento de la informaci\u00f3n generada por las cookies (incluida su direcci\u00f3n IP) por parte de Google.<\/p>\n<p>Aceptaci\u00f3n y renuncia de las cookies Al continuar navegando por este sitio, cerrando la envoltura de informaci\u00f3n o haciendo clic en cualquier parte de la p\u00e1gina o desplaz\u00e1ndose hacia abajo para resaltar m\u00e1s contenido, usted acepta la Pol\u00edtica de Cookies de www.gasperinieps.it di Gasperini snc y las cookies se establecer\u00e1n y recoger\u00e1n. \u00a0Siempre tendr\u00e1 la opci\u00f3n de eliminar estas cookies en cualquier momento a trav\u00e9s de los medios de los sitios mencionados en el apartado \u00abGesti\u00f3n de cookies\u00bb.<\/p>\n<p>DERECHOS DE LOS INTERESADOS: El interesado tiene derecho a obtener la actualizaci\u00f3n, la rectificaci\u00f3n, la integraci\u00f3n, la cancelaci\u00f3n, la transformaci\u00f3n en forma an\u00f3nima o el bloqueo de los datos tratados en violaci\u00f3n de la ley. El interesado tiene derecho a oponerse, total o parcialmente, por motivos leg\u00edtimos, al tratamiento de los datos personales que le conciernen, aunque sean pertinentes para la finalidad de la recogida, y sin motivo al tratamiento de los datos que le conciernen para el env\u00edo de material publicitario y de venta directa o para la realizaci\u00f3n de estudios de mercado o de comunicaci\u00f3n comercial. Los derechos en cuesti\u00f3n pueden ejercerse, tambi\u00e9n a trav\u00e9s de una persona designada, mediante una solicitud dirigida a: Paolo Gasperini, Gasperini snc, V. Di Vittorio 29, 38068 Rovereto (TN), por carta certificada o por correo electr\u00f3nico a: posta@gasperinieps.it<\/p>\n<\/div>\n[\/vc_column_text][\/vc_column][vc_column column_padding=\u00bbno-extra-padding\u00bb column_padding_tablet=\u00bbinherit\u00bb column_padding_phone=\u00bbinherit\u00bb column_padding_position=\u00bball\u00bb column_element_direction_desktop=\u00bbdefault\u00bb column_element_spacing=\u00bbdefault\u00bb desktop_text_alignment=\u00bbdefault\u00bb tablet_text_alignment=\u00bbdefault\u00bb phone_text_alignment=\u00bbdefault\u00bb background_color_opacity=\u00bb1&#8243; background_hover_color_opacity=\u00bb1&#8243; column_backdrop_filter=\u00bbnone\u00bb column_shadow=\u00bbnone\u00bb column_border_radius=\u00bbnone\u00bb column_link_target=\u00bb_self\u00bb column_position=\u00bbdefault\u00bb gradient_direction=\u00bbleft_to_right\u00bb overlay_strength=\u00bb0.3&#8243; width=\u00bb1\/3&#8243; tablet_width_inherit=\u00bbdefault\u00bb animation_type=\u00bbdefault\u00bb bg_image_animation=\u00bbnone\u00bb border_type=\u00bbsimple\u00bb column_border_width=\u00bbnone\u00bb column_border_style=\u00bbsolid\u00bb][\/vc_column][\/vc_row]\n","protected":false},"excerpt":{"rendered":"<p>[vc_row type=\u00bbin_container\u00bb full_screen_row_position=\u00bbmiddle\u00bb column_margin=\u00bbdefault\u00bb column_direction=\u00bbdefault\u00bb column_direction_tablet=\u00bbdefault\u00bb column_direction_phone=\u00bbdefault\u00bb scene_position=\u00bbcenter\u00bb top_padding=\u00bb100&#8243; bottom_padding=\u00bb100&#8243; text_color=\u00bbdark\u00bb text_align=\u00bbleft\u00bb row_border_radius=\u00bbnone\u00bb row_border_radius_applies=\u00bbbg\u00bb overflow=\u00bbvisible\u00bb overlay_strength=\u00bb0.3&#8243; gradient_direction=\u00bbleft_to_right\u00bb shape_divider_position=\u00bbbottom\u00bb bg_image_animation=\u00bbnone\u00bb][vc_column column_padding=\u00bbno-extra-padding\u00bb column_padding_tablet=\u00bbinherit\u00bb column_padding_phone=\u00bbinherit\u00bb column_padding_position=\u00bball\u00bb column_element_direction_desktop=\u00bbdefault\u00bb column_element_spacing=\u00bbdefault\u00bb desktop_text_alignment=\u00bbdefault\u00bb tablet_text_alignment=\u00bbdefault\u00bb phone_text_alignment=\u00bbdefault\u00bb background_color_opacity=\u00bb1&#8243; background_hover_color_opacity=\u00bb1&#8243; column_backdrop_filter=\u00bbnone\u00bb column_shadow=\u00bbnone\u00bb column_border_radius=\u00bbnone\u00bb column_link_target=\u00bb_self\u00bb column_position=\u00bbdefault\u00bb gradient_direction=\u00bbleft_to_right\u00bb overlay_strength=\u00bb0.3&#8243; width=\u00bb2\/3&#8243; tablet_width_inherit=\u00bbdefault\u00bb animation_type=\u00bbdefault\u00bb&#8230;<\/p>\n","protected":false},"author":1,"featured_media":0,"parent":0,"menu_order":0,"comment_status":"closed","ping_status":"closed","template":"","meta":{"footnotes":""},"class_list":["post-3299","page","type-page","status-publish"],"publishpress_future_action":{"enabled":false,"date":"2026-04-15 04:07:03","action":"change-status","newStatus":"draft","terms":[],"taxonomy":"translation_priority","extraData":[]},"publishpress_future_workflow_manual_trigger":{"enabledWorkflows":[]},"_links":{"self":[{"href":"https:\/\/p-hive.com\/es\/wp-json\/wp\/v2\/pages\/3299","targetHints":{"allow":["GET"]}}],"collection":[{"href":"https:\/\/p-hive.com\/es\/wp-json\/wp\/v2\/pages"}],"about":[{"href":"https:\/\/p-hive.com\/es\/wp-json\/wp\/v2\/types\/page"}],"author":[{"embeddable":true,"href":"https:\/\/p-hive.com\/es\/wp-json\/wp\/v2\/users\/1"}],"replies":[{"embeddable":true,"href":"https:\/\/p-hive.com\/es\/wp-json\/wp\/v2\/comments?post=3299"}],"version-history":[{"count":2,"href":"https:\/\/p-hive.com\/es\/wp-json\/wp\/v2\/pages\/3299\/revisions"}],"predecessor-version":[{"id":3345,"href":"https:\/\/p-hive.com\/es\/wp-json\/wp\/v2\/pages\/3299\/revisions\/3345"}],"wp:attachment":[{"href":"https:\/\/p-hive.com\/es\/wp-json\/wp\/v2\/media?parent=3299"}],"curies":[{"name":"wp","href":"https:\/\/api.w.org\/{rel}","templated":true}]}}