{"id":3295,"date":"2016-10-04T09:46:54","date_gmt":"2016-10-04T09:46:54","guid":{"rendered":"https:\/\/p-hive.com\/privacy\/"},"modified":"2024-05-15T09:49:47","modified_gmt":"2024-05-15T09:49:47","slug":"privacy","status":"publish","type":"page","link":"https:\/\/p-hive.com\/da\/privacy\/","title":{"rendered":"Privacy"},"content":{"rendered":"[vc_row type=&#8221;in_container&#8221; full_screen_row_position=&#8221;middle&#8221; column_margin=&#8221;default&#8221; column_direction=&#8221;default&#8221; column_direction_tablet=&#8221;default&#8221; column_direction_phone=&#8221;default&#8221; scene_position=&#8221;center&#8221; top_padding=&#8221;100&#8243; bottom_padding=&#8221;100&#8243; text_color=&#8221;dark&#8221; text_align=&#8221;left&#8221; row_border_radius=&#8221;none&#8221; row_border_radius_applies=&#8221;bg&#8221; overflow=&#8221;visible&#8221; overlay_strength=&#8221;0.3&#8243; gradient_direction=&#8221;left_to_right&#8221; shape_divider_position=&#8221;bottom&#8221; bg_image_animation=&#8221;none&#8221;][vc_column column_padding=&#8221;no-extra-padding&#8221; column_padding_tablet=&#8221;inherit&#8221; column_padding_phone=&#8221;inherit&#8221; column_padding_position=&#8221;all&#8221; column_element_direction_desktop=&#8221;default&#8221; column_element_spacing=&#8221;default&#8221; desktop_text_alignment=&#8221;default&#8221; tablet_text_alignment=&#8221;default&#8221; phone_text_alignment=&#8221;default&#8221; background_color_opacity=&#8221;1&#8243; background_hover_color_opacity=&#8221;1&#8243; column_backdrop_filter=&#8221;none&#8221; column_shadow=&#8221;none&#8221; column_border_radius=&#8221;none&#8221; column_link_target=&#8221;_self&#8221; column_position=&#8221;default&#8221; gradient_direction=&#8221;left_to_right&#8221; overlay_strength=&#8221;0.3&#8243; width=&#8221;2\/3&#8243; tablet_width_inherit=&#8221;default&#8221; animation_type=&#8221;default&#8221; bg_image_animation=&#8221;none&#8221; border_type=&#8221;simple&#8221; column_border_width=&#8221;none&#8221; column_border_style=&#8221;solid&#8221;][vc_column_text css=&#8221;&#8221; text_direction=&#8221;default&#8221;]\n<div id=\"credit\">\n<h2>IOplysninger givet i henhold til lovdekret af 30\/06\/2003 \u00bbPRIVACY CODE\u00ab.<\/h2>\n<p>I henhold til artikel 13 i lovdekret nr. 196 af 30. juni 2003 vil vi gerne informere dig om, at vores virksomhed Gasperini snc behandler personoplysninger om kunder og leverand\u00f8rer og om personer, der frivilligt meddeler (via telefon, fax eller e-mail) deres personoplysninger til vores salgskontor eller til vores virksomhedsledelse og om personer, hvis data er blevet indsamlet fra tredjeparter under for eksempel eksterne dataindsamlingsoperationer for kommerciel information, offentlige lister osv. I sidstn\u00e6vnte tilf\u00e6lde er der kun tale om personoplysninger af f\u00e6lles karakter.<\/p>\n<p>Vores virksomhed garanterer inden for rammerne af de lovm\u00e6ssige bestemmelser, at behandlingen af personoplysninger udf\u00f8res med respekt for de grundl\u00e6ggende frihedsrettigheder og den ber\u00f8rte persons v\u00e6rdighed, med s\u00e6rlig henvisning til fortrolighed, personlig identitet og retten til beskyttelse af personoplysninger.<\/p>\n<h3>Form\u00e5l med behandling<\/h3>\n<ul>\n<li>Opfyldelse af juridiske forpligtelser, forordninger, EU-lovgivning, civil- og skattelovgivning<\/li>\n<li>For at opfylde eventuelle kontraktlige forpligtelser over for den registrerede<\/li>\n<li>Opfyldelse af aktiviteter i forbindelse med vores virksomheds \u00f8konomiske aktiviteter, s\u00e5som udarbejdelse af interne statistikker, fakturering, kunde- og leverand\u00f8rregnskab<\/li>\n<li>Kommercielle form\u00e5l, s\u00e5som at sende kommerciel information og reklamemateriale (via post, fax og e-mail), markedsf\u00f8ring og markedsunders\u00f8gelser<\/li>\n<li>Kreditbeskyttelse og g\u00e6ldsforvaltning<\/li>\n<li>Forsikringsform\u00e5l, is\u00e6r kreditforsikring<\/li>\n<\/ul>\n<p><strong>VALGFRI FORM FOR INDSENDELSE AF DATA:<\/strong> Uden at det ber\u00f8rer ovenst\u00e5ende, kan brugeren i tilf\u00e6lde af navigationsdata frit give redakt\u00f8ren\/behandleren yderligere data for at f\u00e5 adgang til s\u00e6rlige tjenester s\u00e5som forumnyhedsbreve, e-handelstjenester eller anmodninger om information, som han\/hun \u00f8nsker at videresende til webstedet www.gasperinieps.it, og tillade deres behandling inden for gr\u00e6nserne og med henblik p\u00e5 den \u00f8nskede tjeneste eller information.<br \/>\nHvis de ikke gives, kan det v\u00e6re umuligt at levere tjenesten eller oplysningerne. Det skal ogs\u00e5 bem\u00e6rkes, at accept af de s\u00e5kaldte cookies er en n\u00f8dvendig og uundg\u00e5elig betingelse for at bruge konsultationstjenesten for dynamiske sider.<\/p>\n<p><strong>MEDDELELSE OG\/ELLER DISTRIBUTION AF DATA<\/strong>: Brugernes personlige data anvendes udelukkende med henblik p\u00e5 at udf\u00f8re den \u00f8nskede tjeneste eller ydelse og meddeles kun til tredjeparter i f\u00f8lgende tilf\u00e6lde<br \/>\nTil kreditinstitutter, med hvilke vores virksomhed har forbindelser til forvaltning af kreditter\/g\u00e6ld og finansiel formidling Til alle de fysiske og\/eller juridiske, offentlige og\/eller private personer (juridiske, administrative og skattem\u00e6ssige konsulentfirmaer, retslige kontorer, handelskamre osv;<br \/>\nkommunikationen er p\u00e5kr\u00e6vet ved lov eller forskrift, efter ordre fra de offentlige myndigheder eller p\u00e5 grund af mulige juridiske handlinger i henhold til en specifik bestemmelse;<br \/>\nBrugeren selv giver udtrykkelig tilladelse til, at ejeren af webstedet eller den dataansvarlige sender sine kommercielle data til tredjeparts kommercielle operat\u00f8rer med det hovedform\u00e5l at modtage m\u00e5lrettede kommercielle tilbud i overensstemmelse med den smag og de \u00f8nsker, der er udtrykt p\u00e5 grundlag af de indsamlede og leverede data.<\/p>\n<h3>METODER TIL DATABEHANDLING<\/h3>\n<p>Personoplysninger behandles af automatiserede v\u00e6rkt\u00f8jer i anonym form i den tid, der er strengt n\u00f8dvendig for at n\u00e5 de form\u00e5l, de blev indsamlet til. Specifikke sikkerhedsforanstaltninger overholdes for at forhindre tab af data, ulovlig eller forkert brug og uautoriseret adgang.<br \/>\nDe personlige data, der behandles af vores virksomhed, er ikke genstand for formidling. Behandlingen kan udf\u00f8res med eller uden hj\u00e6lp fra elektroniske eller automatiserede midler og skal omfatte alle operationer, der er fastsat i artikel 4, afsnit 1, bogstav a i lovdekret nr. 196 af 30. juni 2003, og som er n\u00f8dvendige for den p\u00e5g\u00e6ldende behandling. Under alle omst\u00e6ndigheder skal behandlingen udf\u00f8res i overensstemmelse med alle sikkerhedsforanstaltninger, der garanterer sikkerhed og fortrolighed.<br \/>\nPersondataloven giver den ber\u00f8rte person mulighed for at ud\u00f8ve specifikke rettigheder i henhold til artikel 7. Navnlig kan den registrerede af den dataansvarlige f\u00e5 bekr\u00e6ftet, om der findes personoplysninger om ham\/hende, og f\u00e5 disse oplysninger udleveret i en forst\u00e5elig form. Den registrerede kan ogs\u00e5 anmode om at kende oplysningernes oprindelse, form\u00e5lene med og metoderne til behandling samt den anvendte logik i tilf\u00e6lde af behandling, der udf\u00f8res ved hj\u00e6lp af elektroniske instrumenter, identifikationsoplysningerne for den dataansvarlige, de udpegede personer og de emner og kategorier af emner, som oplysningerne kan meddeles til, eller som kan blive opm\u00e6rksomme p\u00e5 dem.<\/p>\n<h3>DATAANSVARLIG<\/h3>\n<p>Den dataansvarlige er Paolo Gasperini<br \/>\nDen dataansvarlige er Paolo Gasperini<\/p>\n<h3>STED FOR DATABEHANDLING<\/h3>\n<p>Behandlingen i forbindelse med de webtjenester, der tilbydes af dette websted, finder sted p\u00e5 hovedkontoret for databehandleren af Gasperini snc current i V. Di Vittorio 29. Di Vittorio 29, 38068 Rovereto (TN) og anvendes, styres og behandles kun af autoriseret og uddannet personale.<br \/>\nIngen data, der stammer fra webtjenesten, kommunikeres eller videregives til tredjeparter uden udtrykkelig tilladelse fra traktaten eller til andre form\u00e5l end dem, der udtrykkeligt er godkendt.<\/p>\n<p><strong>Cookiepolitik Gasperini snc<\/strong>: For at g\u00f8re dit bes\u00f8g p\u00e5 vores hjemmeside s\u00e5 behageligt som muligt, bruger vi cookies til at pr\u00e6sentere vores produktsortiment. Disse er sm\u00e5 tekstaggregater, der gemmes lokalt i den midlertidige hukommelse i din browser, og derfor i din computer, i varierende perioder afh\u00e6ngigt af behovet og generelt fra et par timer til flere \u00e5r, med undtagelse af profileringscookies, hvis maksimale varighed er 365 kalenderdage.<br \/>\nVed hj\u00e6lp af cookies er det muligt semi-permanent at registrere oplysninger om dine pr\u00e6ferencer og andre tekniske data, der muligg\u00f8r lettere navigation og st\u00f8rre brugervenlighed og effektivitet p\u00e5 selve webstedet. For eksempel kan cookies bruges til at afg\u00f8re, om der allerede er oprettet en forbindelse mellem din computer og vores websteder for at fremh\u00e6ve nye funktioner eller for at opretholde \u00bblogin\u00ab-oplysninger. For at beskytte dig identificeres kun den cookie, der er gemt p\u00e5 din computer.<br \/>\nDenne brug g\u00f8r absolut ingen brug af s\u00e5kaldte profileringscookies. Ingen data om din smag, pr\u00e6ferencer, hobbyer og lidenskaber eller andre oplysninger, der er nyttige til kommercielle eller ikke-kommercielle form\u00e5l, gemmes eller analyseres.<\/p>\n<p><strong>Typer af cookies implementeret<\/strong><br \/>\nDette websted g\u00f8r brug af to forskellige typer cookies:<\/p>\n<p><strong>A) V\u00e6sentlige tekniske cookies:<\/strong><br \/>\nDisse cookies er n\u00f8dvendige for, at webstedet kan fungere korrekt. De giver dig mulighed for at navigere p\u00e5 siderne, dele vores indhold, gemme dine loginoplysninger for at g\u00f8re det hurtigere for dig at komme ind p\u00e5 webstedet og for at holde dine pr\u00e6ferencer og oplysninger aktive, mens du surfer. Uden disse cookies kunne vi ikke levere de tjenester, som brugerne benytter sig af p\u00e5 webstedet.<\/p>\n<p><strong>B) Statistik- og pr\u00e6stationscookies:<\/strong><br \/>\nDisse cookies giver os mulighed for at vide, hvordan bes\u00f8gende bruger webstedet, s\u00e5 vi kan vurdere og forbedre dets drift og prioritere produktionen af indhold, der bedst opfylder vores brugeres informationsbehov. De giver os f.eks. mulighed for at vide, hvilke sider der er de mest og mindst bes\u00f8gte. De tager blandt andet h\u00f8jde for antallet af bes\u00f8gende, den tid, den gennemsnitlige bruger bruger p\u00e5 webstedet, og hvordan de ankommer. P\u00e5 den m\u00e5de kan vi vide, hvad der fungerer godt, og hvad der skal forbedres, samt sikre, at siderne indl\u00e6ses hurtigt og vises korrekt. Alle oplysninger og data, der indsamles af disse cookies, er anonyme og ikke knyttet til dine personlige data og h\u00e5ndteres af webstedet p\u00e5 en aggregeret m\u00e5de. For at udf\u00f8re disse funktioner p\u00e5 vores websteder bruger vi tredjeparts tjenester, der anonymiserer dataene, s\u00e5 de ikke kan spores tilbage til enkeltpersoner (s\u00e5kaldt &#8216;single-in&#8217;). Hvis der er tjenester, der ikke er fuldt anonymiserede, kan du finde dem p\u00e5 listen over tredjepartscookies, som du kan n\u00e6gte samtykke til for at sikre dit privatliv.<br \/>\nTil dette form\u00e5l bruger dette websted Google Analytics. Google Analytics er en webanalysetjeneste, der leveres af Google Inc. (\u00bbGoogle\u00ab). Google Analytics bruger \u00bbcookies\u00ab til at hj\u00e6lpe webstedet med at analysere, hvordan brugerne anvender webstedet. De oplysninger, der genereres af cookien om din brug af webstedet (herunder din IP-adresse), overf\u00f8res til og gemmes af Google p\u00e5 servere i USA. Google vil bruge disse oplysninger til at evaluere din brug af webstedet, udarbejde rapporter om webstedsaktivitet for webstedsoperat\u00f8rer og levere andre tjenester i forbindelse med webstedsaktivitet og internetbrug. Google kan ogs\u00e5 overf\u00f8re disse oplysninger til tredjeparter, hvis loven kr\u00e6ver det, eller hvis s\u00e5danne tredjeparter behandler oplysningerne p\u00e5 Googles vegne. Google vil ikke forbinde din IP-adresse med andre data, som Google er i besiddelse af.<\/p>\n<p>De funktioner, der hovedsageligt udf\u00f8res af cookies p\u00e5 webstedet, er som f\u00f8lger:<\/p>\n<p><strong>Pr\u00e6ferencer<\/strong><br \/>\nTabet af oplysninger, der er gemt i en pr\u00e6ferencecookie, kan g\u00f8re oplevelsen p\u00e5 webstedet mindre funktionel, men b\u00f8r ikke p\u00e5virke dets drift. De fleste Google-brugere har en pr\u00e6ferencecookie kaldet \u00bbPREF\u00ab i deres browsere. En browser sender denne cookie med anmodninger til Google-websteder. PREF-cookien kan gemme dine pr\u00e6ferencer og andre oplysninger, is\u00e6r dit foretrukne sprog (f.eks. italiensk), det antal s\u00f8geresultater, du \u00f8nsker at f\u00e5 vist pr. side (f.eks. 10 eller 20), og din pr\u00e6ference for at aktivere Googles SafeSearch-filter.<\/p>\n<p><strong>Sikkerhed<\/strong><br \/>\nVi bruger sikkerhedscookies til at autentificere brugere, forhindre svigagtig brug af loginoplysninger og beskytte brugerdata mod uautoriserede parter.<br \/>\nVi bruger f.eks. cookies kaldet \u00bbSID\u00ab og \u00bbHSID\u00ab, der indeholder digitalt signerede og krypterede registreringer af en brugers Google-konto-id og den seneste login-dato. Kombinationen af disse to cookies giver os mulighed for at blokere mange typer angreb, f.eks. fors\u00f8g p\u00e5 at stj\u00e6le indholdet af formularer, du udfylder p\u00e5 websider.<\/p>\n<p><strong>Processer<\/strong><br \/>\nProcescookies bidrager til, at websteder fungerer og leverer de tjenester, som bes\u00f8gende forventer at finde der, f.eks. muligheden for at navigere mellem sider eller f\u00e5 adgang til beskyttede omr\u00e5der af webstedet. Uden disse cookies kan webstedet ikke fungere korrekt.<br \/>\nVi bruger f.eks. en cookie, der hedder \u00bblbcs\u00ab, som g\u00f8r det muligt for Google Docs at \u00e5bne mange dokumenter i en enkelt browser. Blokering af denne cookie kan p\u00e5virke den korrekte funktion af Google Docs.<\/p>\n<p><strong>Google Analytics<\/strong><br \/>\nGoogle Analytics er et analysev\u00e6rkt\u00f8j fra Google, der hj\u00e6lper website- og app-ejere med at forst\u00e5, hvordan bes\u00f8gende interagerer med deres indhold. Et s\u00e6t cookies kan bruges til at indsamle oplysninger og generere statistikker over brug af webstedet uden personlig identifikation af individuelle bes\u00f8gende fra Googles side.<br \/>\nUd over at generere statistiske rapporter om brug af webstedet kan Google Analytics-pixeltagget bruges sammen med nogle af de reklamecookies, der er beskrevet ovenfor, for at g\u00f8re det muligt for os at vise mere relevante resultater p\u00e5 Googles ejendomme (s\u00e5som Google Search) og p\u00e5 tv\u00e6rs af internettet.<br \/>\n<a href=\"https:\/\/developers.google.com\/analytics\/devguides\/collection\/analyticsjs\/cookie-usage?hl=de\" target=\"_blank\" rel=\"noopener\">Hvis du vil vide mere om dette, kan du l\u00e6se mere om Analytics-cookies og privatliv.<\/a><\/p>\n<p><strong>Cookieh\u00e5ndtering og pr\u00e6ferencer:<\/strong><br \/>\nHvis du er i tvivl om eller bekymret over brugen af cookies, kan du altid forhindre dem i at blive sat og l\u00e6st, f.eks. ved at \u00e6ndre privatlivsindstillingerne i din browser for at blokere visse typer cookies. Da hver browser &#8211; og ofte forskellige versioner af den samme browser &#8211; ogs\u00e5 adskiller sig betydeligt fra hinanden, kan du finde detaljerede oplysninger om den n\u00f8dvendige procedure i din browsers hj\u00e6lpefil, hvis du foretr\u00e6kker at foretage selvst\u00e6ndige handlinger via dine browserindstillinger. For en oversigt over, hvordan du handler i de mest almindelige browsere, bes\u00f8g venligst <a href=\"https:\/\/cookiepedia.co.uk\/\" target=\"_blank\" rel=\"noopener\">www.cookiepedia.co.uk<\/a>.<br \/>\nDe fleste browsere giver dig mulighed for at administrere dine cookie-pr\u00e6ferencer. Du kan indstille din browser til at afvise cookies eller til kun at slette nogle af dem. P\u00e5 samme m\u00e5de som du kan deaktivere brugen af cookies, kan du deaktivere andre lignende teknologier.<\/p>\n<p>De f\u00f8lgende links viser, hvordan man kan indstille pr\u00e6ferencer i de mest anvendte browsere:<\/p>\n<p><a href=\"http:\/\/goo.gl\/hwvr9\" target=\"_blank\" rel=\"noopener\">Internet Explorer\u00a0<\/a><br \/>\n<a href=\"https:\/\/goo.gl\/Oh7kxR\" target=\"_blank\" rel=\"noopener\">Firefox\u00a0<\/a><br \/>\n<a href=\"https:\/\/goo.gl\/2u1O5w\" target=\"_blank\" rel=\"noopener\">Safari\u00a0<\/a><br \/>\n<a href=\"https:\/\/goo.gl\/r5618P\" target=\"_blank\" rel=\"noopener\">Chrome<\/a><\/p>\n<p>For mere information og fravalgsmuligheder, bes\u00f8g venligst <a href=\"https:\/\/youronlinechoices.eu\/\" target=\"_blank\" rel=\"noopener\">www.youronlinechoices.eu<\/a>.<br \/>\nReklamevirksomheder giver dig ogs\u00e5 mulighed for at frav\u00e6lge at modtage m\u00e5lrettede annoncer, hvis du \u00f8nsker det. Dette forhindrer ikke indstillingen af cookies, men det stopper disse virksomheders brug og indsamling af visse data.<br \/>\nDu kan afvise brugen af cookies ved at v\u00e6lge den relevante indstilling i din browser, men det kan forhindre dig i at bruge alle funktionerne p\u00e5 dette websted. Ved at bruge dette websted giver du dit samtykke til, at Google behandler data om dig p\u00e5 den m\u00e5de og til de form\u00e5l, der er beskrevet ovenfor.<br \/>\nInstallationen af cookies kan blokeres ved hj\u00e6lp af de relevante indstillinger i din browsersoftware; bem\u00e6rk dog, at hvis du aktiverer denne blokering, kan nogle funktioner p\u00e5 dette websted muligvis ikke bruges fuldt ud. Du kan forhindre Googles registrering og behandling af de oplysninger, der genereres af cookies (inkl. din IP-adresse).<\/p>\n<p><strong>Accept og afkald p\u00e5 cookies<\/strong>: Ved at forts\u00e6tte med at gennemse dette websted ved at lukke informationsindpakningen eller klikke p\u00e5 en del af siden eller rulle ned for at fremh\u00e6ve yderligere indhold, accepterer du webstedets cookiepolitik www.gasperinieps.it di Gasperini snc, og cookies vil blive indstillet og indsamlet. Du vil altid have mulighed for at fjerne disse cookies til enhver tid ved hj\u00e6lp af de websteder, der er n\u00e6vnt i afsnittet \u00bbCookie Management\u00ab.<\/p>\n<p><strong>INTERESSEREDE PARTERS RETTIGHEDER<\/strong>: Den interesserede part har ret til at f\u00e5 opdatering, berigtigelse, integration, annullering, omdannelse til anonym form eller blokering af data, der behandles i strid med loven. Den registrerede har ret til helt eller delvist at g\u00f8re indsigelse af legitime grunde mod behandling af personoplysninger om ham\/hende, selv om det er relevant for form\u00e5let med indsamlingen, og uden grund til behandling af oplysninger om ham\/hende med henblik p\u00e5 at sende reklame og direkte salgsmateriale eller til udf\u00f8relse af markeds- eller kommercielle kommunikationsunders\u00f8gelser. De p\u00e5g\u00e6ldende rettigheder kan ud\u00f8ves, ogs\u00e5 gennem en udpeget person, ved hj\u00e6lp af en anmodning rettet til: Paolo Gasperini, Gasperini snc, V. Di Vittorio 29, 38068 Rovereto (TN), pr. anbefalet brev eller e-mail til: posta@gasperinieps.it<\/p>\n<\/div>\n[\/vc_column_text][\/vc_column][vc_column column_padding=&#8221;no-extra-padding&#8221; column_padding_tablet=&#8221;inherit&#8221; column_padding_phone=&#8221;inherit&#8221; column_padding_position=&#8221;all&#8221; column_element_direction_desktop=&#8221;default&#8221; column_element_spacing=&#8221;default&#8221; desktop_text_alignment=&#8221;default&#8221; tablet_text_alignment=&#8221;default&#8221; phone_text_alignment=&#8221;default&#8221; background_color_opacity=&#8221;1&#8243; background_hover_color_opacity=&#8221;1&#8243; column_backdrop_filter=&#8221;none&#8221; column_shadow=&#8221;none&#8221; column_border_radius=&#8221;none&#8221; column_link_target=&#8221;_self&#8221; column_position=&#8221;default&#8221; gradient_direction=&#8221;left_to_right&#8221; overlay_strength=&#8221;0.3&#8243; width=&#8221;1\/3&#8243; tablet_width_inherit=&#8221;default&#8221; animation_type=&#8221;default&#8221; bg_image_animation=&#8221;none&#8221; border_type=&#8221;simple&#8221; column_border_width=&#8221;none&#8221; column_border_style=&#8221;solid&#8221;][\/vc_column][\/vc_row]\n","protected":false},"excerpt":{"rendered":"<p>[vc_row type=&#8221;in_container&#8221; full_screen_row_position=&#8221;middle&#8221; column_margin=&#8221;default&#8221; column_direction=&#8221;default&#8221; column_direction_tablet=&#8221;default&#8221; column_direction_phone=&#8221;default&#8221; scene_position=&#8221;center&#8221; top_padding=&#8221;100&#8243; bottom_padding=&#8221;100&#8243; text_color=&#8221;dark&#8221; text_align=&#8221;left&#8221; row_border_radius=&#8221;none&#8221; row_border_radius_applies=&#8221;bg&#8221; overflow=&#8221;visible&#8221; overlay_strength=&#8221;0.3&#8243; gradient_direction=&#8221;left_to_right&#8221; shape_divider_position=&#8221;bottom&#8221; bg_image_animation=&#8221;none&#8221;][vc_column column_padding=&#8221;no-extra-padding&#8221; column_padding_tablet=&#8221;inherit&#8221; column_padding_phone=&#8221;inherit&#8221; column_padding_position=&#8221;all&#8221; column_element_direction_desktop=&#8221;default&#8221; column_element_spacing=&#8221;default&#8221; desktop_text_alignment=&#8221;default&#8221; tablet_text_alignment=&#8221;default&#8221; phone_text_alignment=&#8221;default&#8221; background_color_opacity=&#8221;1&#8243; background_hover_color_opacity=&#8221;1&#8243; column_backdrop_filter=&#8221;none&#8221; column_shadow=&#8221;none&#8221; column_border_radius=&#8221;none&#8221; column_link_target=&#8221;_self&#8221; column_position=&#8221;default&#8221; gradient_direction=&#8221;left_to_right&#8221; overlay_strength=&#8221;0.3&#8243; width=&#8221;2\/3&#8243; tablet_width_inherit=&#8221;default&#8221; animation_type=&#8221;default&#8221;&#8230;<\/p>\n","protected":false},"author":1,"featured_media":0,"parent":0,"menu_order":0,"comment_status":"closed","ping_status":"closed","template":"","meta":{"footnotes":""},"class_list":["post-3295","page","type-page","status-publish"],"publishpress_future_action":{"enabled":false,"date":"2026-04-15 05:26:10","action":"change-status","newStatus":"draft","terms":[],"taxonomy":"translation_priority","extraData":[]},"publishpress_future_workflow_manual_trigger":{"enabledWorkflows":[]},"_links":{"self":[{"href":"https:\/\/p-hive.com\/da\/wp-json\/wp\/v2\/pages\/3295","targetHints":{"allow":["GET"]}}],"collection":[{"href":"https:\/\/p-hive.com\/da\/wp-json\/wp\/v2\/pages"}],"about":[{"href":"https:\/\/p-hive.com\/da\/wp-json\/wp\/v2\/types\/page"}],"author":[{"embeddable":true,"href":"https:\/\/p-hive.com\/da\/wp-json\/wp\/v2\/users\/1"}],"replies":[{"embeddable":true,"href":"https:\/\/p-hive.com\/da\/wp-json\/wp\/v2\/comments?post=3295"}],"version-history":[{"count":2,"href":"https:\/\/p-hive.com\/da\/wp-json\/wp\/v2\/pages\/3295\/revisions"}],"predecessor-version":[{"id":5659,"href":"https:\/\/p-hive.com\/da\/wp-json\/wp\/v2\/pages\/3295\/revisions\/5659"}],"wp:attachment":[{"href":"https:\/\/p-hive.com\/da\/wp-json\/wp\/v2\/media?parent=3295"}],"curies":[{"name":"wp","href":"https:\/\/api.w.org\/{rel}","templated":true}]}}